{"id":377,"date":"2025-07-05T23:13:23","date_gmt":"2025-07-05T23:13:23","guid":{"rendered":"https:\/\/moronaep.gob.ec\/?page_id=377"},"modified":"2025-07-09T02:12:30","modified_gmt":"2025-07-09T02:12:30","slug":"quienes-somos","status":"publish","type":"page","link":"https:\/\/moronaep.gob.ec\/en\/quienes-somos\/","title":{"rendered":"Who We Are"},"content":{"rendered":"<div data-elementor-type=\"wp-page\" data-elementor-id=\"377\" class=\"elementor elementor-377\" data-elementor-post-type=\"page\">\n\t\t\t\t\t\t<section class=\"elementor-section elementor-top-section elementor-element elementor-element-3bc58d3 elementor-section-boxed elementor-section-height-default elementor-section-height-default\" data-id=\"3bc58d3\" data-element_type=\"section\" data-settings=\"{&quot;background_background&quot;:&quot;classic&quot;}\">\n\t\t\t\t\t\t\t<div class=\"elementor-background-overlay\"><\/div>\n\t\t\t\t\t\t\t<div class=\"elementor-container elementor-column-gap-default\">\n\t\t\t\t\t<div class=\"elementor-column elementor-col-50 elementor-top-column elementor-element elementor-element-07b9574\" data-id=\"07b9574\" data-element_type=\"column\">\n\t\t\t<div class=\"elementor-widget-wrap elementor-element-populated\">\n\t\t\t\t\t\t\t<\/div>\n\t\t<\/div>\n\t\t\t\t<div class=\"elementor-column elementor-col-50 elementor-top-column elementor-element elementor-element-e3b71b5\" data-id=\"e3b71b5\" data-element_type=\"column\">\n\t\t\t<div class=\"elementor-widget-wrap elementor-element-populated\">\n\t\t\t\t\t\t<div class=\"elementor-element elementor-element-1025745 elementor-icon-list--layout-inline elementor-widget__width-auto elementor-list-item-link-full_width elementor-widget elementor-widget-icon-list\" data-id=\"1025745\" data-element_type=\"widget\" data-settings=\"{&quot;_animation&quot;:&quot;none&quot;}\" data-widget_type=\"icon-list.default\">\n\t\t\t\t\t\t\t<ul class=\"elementor-icon-list-items elementor-inline-items\">\n\t\t\t\t\t\t\t<li class=\"elementor-icon-list-item elementor-inline-item\">\n\t\t\t\t\t\t\t\t\t\t\t<a href=\"https:\/\/moronaep.gob.ec\/en\/\">\n\n\t\t\t\t\t\t\t\t\t\t\t<span class=\"elementor-icon-list-text\">Home<\/span>\n\t\t\t\t\t\t\t\t\t\t\t<\/a>\n\t\t\t\t\t\t\t\t\t<\/li>\n\t\t\t\t\t\t<\/ul>\n\t\t\t\t\t\t<\/div>\n\t\t\t\t\t<\/div>\n\t\t<\/div>\n\t\t\t\t\t<\/div>\n\t\t<\/section>\n\t\t\t\t<section class=\"elementor-section elementor-top-section elementor-element elementor-element-23ae1aeb elementor-reverse-mobile elementor-section-boxed elementor-section-height-default elementor-section-height-default\" data-id=\"23ae1aeb\" data-element_type=\"section\" data-settings=\"{&quot;background_background&quot;:&quot;classic&quot;}\">\n\t\t\t\t\t\t<div class=\"elementor-container elementor-column-gap-default\">\n\t\t\t\t\t<div class=\"elementor-column elementor-col-100 elementor-top-column elementor-element elementor-element-6f7a012b elementor-invisible\" data-id=\"6f7a012b\" data-element_type=\"column\" data-settings=\"{&quot;background_background&quot;:&quot;classic&quot;,&quot;animation&quot;:&quot;fadeInUp&quot;}\">\n\t\t\t<div class=\"elementor-widget-wrap elementor-element-populated\">\n\t\t\t\t\t\t<div class=\"elementor-element elementor-element-6956df22 elementor-widget elementor-widget-text-editor\" data-id=\"6956df22\" data-element_type=\"widget\" data-widget_type=\"text-editor.default\">\n\t\t\t\t\t\t\t\t\t<p>\u201cMORONA EP\u201d is a public company, attached to the Municipal Government of the Morona canton, which, as part of its specific line of business, has the following purposes: Identify, promote, execute, manage, and\/or transfer development projects of: Social and public interest housing, Basic Infrastructure, Roads, Urban Equipment, Consulting, administration, maintenance and operation of municipal public services, and present, promote and execute the system of air, land, river and multimodal transportation services for passengers and\/or cargo, promoting territorial development, as determined by the Constitution of the Republic of Ecuador and applicable Laws.<\/p>\t\t\t\t\t\t\t\t<\/div>\n\t\t\t\t<div class=\"elementor-element elementor-element-4a9a2d7e elementor-widget elementor-widget-image\" data-id=\"4a9a2d7e\" data-element_type=\"widget\" data-widget_type=\"image.default\">\n\t\t\t\t\t\t\t\t\t\t\t\t\t\t\t<img fetchpriority=\"high\" decoding=\"async\" width=\"2560\" height=\"1920\" src=\"https:\/\/moronaep.gob.ec\/wp-content\/uploads\/2025\/07\/20250707_083207-scaled.jpg\" class=\"attachment-full size-full wp-image-836\" alt=\"\" srcset=\"https:\/\/moronaep.gob.ec\/wp-content\/uploads\/2025\/07\/20250707_083207-scaled.jpg 2560w, https:\/\/moronaep.gob.ec\/wp-content\/uploads\/2025\/07\/20250707_083207-300x225.jpg 300w, https:\/\/moronaep.gob.ec\/wp-content\/uploads\/2025\/07\/20250707_083207-1024x768.jpg 1024w, https:\/\/moronaep.gob.ec\/wp-content\/uploads\/2025\/07\/20250707_083207-768x576.jpg 768w, https:\/\/moronaep.gob.ec\/wp-content\/uploads\/2025\/07\/20250707_083207-1536x1152.jpg 1536w, https:\/\/moronaep.gob.ec\/wp-content\/uploads\/2025\/07\/20250707_083207-2048x1536.jpg 2048w\" sizes=\"(max-width: 2560px) 100vw, 2560px\" \/>\t\t\t\t\t\t\t\t\t\t\t\t\t\t\t<\/div>\n\t\t\t\t\t<\/div>\n\t\t<\/div>\n\t\t\t\t\t<\/div>\n\t\t<\/section>\n\t\t\t\t<\/div>","protected":false},"excerpt":{"rendered":"<p>Inicio \u201cMORONA EP\u201d, es una empresa p\u00fablica, adscrita al Gobierno Municipal del cant\u00f3n Morona, que, como parte de su giro espec\u00edfico de negocio tiene como finalidad: Identificar, impulsar, ejecutar, administrar, y\/o transferir proyectos de desarrollo de: Vivienda de inter\u00e9s social y p\u00fablico, Infraestructura B\u00e1sica, Vialidad, Equipamiento Urbano, Consultor\u00eda, administraci\u00f3n, mantenimiento y operatividad de servicios p\u00fablicos [&hellip;]<\/p>","protected":false},"author":1,"featured_media":83,"parent":0,"menu_order":0,"comment_status":"closed","ping_status":"closed","template":"elementor_header_footer","meta":{"footnotes":""},"class_list":["post-377","page","type-page","status-publish","has-post-thumbnail","hentry"],"yoast_head":"<!-- This site is optimized with the Yoast SEO Premium plugin v25.4 (Yoast SEO v25.4) - https:\/\/yoast.com\/wordpress\/plugins\/seo\/ -->\n<title>Empresa P\u00fablica Morona Construye su Desarrollo (Morona-EP)<\/title>\n<meta name=\"robots\" content=\"index, follow, max-snippet:-1, max-image-preview:large, max-video-preview:-1\" \/>\n<link rel=\"canonical\" href=\"https:\/\/moronaep.gob.ec\/en\/quienes-somos\/\" \/>\n<meta property=\"og:locale\" content=\"en_US\" \/>\n<meta property=\"og:type\" content=\"article\" \/>\n<meta property=\"og:title\" content=\"Qui\u00e9nes Somos\" \/>\n<meta property=\"og:description\" content=\"Inicio \u201cMORONA EP\u201d, es una empresa p\u00fablica, adscrita al Gobierno Municipal del cant\u00f3n Morona, que, como parte de su giro espec\u00edfico de negocio tiene como finalidad: Identificar, impulsar, ejecutar, administrar, y\/o transferir proyectos de desarrollo de: Vivienda de inter\u00e9s social y p\u00fablico, Infraestructura B\u00e1sica, Vialidad, Equipamiento Urbano, Consultor\u00eda, administraci\u00f3n, mantenimiento y operatividad de servicios p\u00fablicos [&hellip;]\" \/>\n<meta property=\"og:url\" content=\"https:\/\/moronaep.gob.ec\/en\/quienes-somos\/\" \/>\n<meta property=\"og:site_name\" content=\"Empresa P\u00fablica Morona Construye su Desarrollo (Morona-EP)\" \/>\n<meta property=\"article:modified_time\" content=\"2025-07-09T02:12:30+00:00\" \/>\n<meta property=\"og:image\" content=\"https:\/\/moronaep.gob.ec\/wp-content\/uploads\/2025\/07\/LOGO-WEB-02.png\" \/>\n\t<meta property=\"og:image:width\" content=\"350\" \/>\n\t<meta property=\"og:image:height\" content=\"100\" \/>\n\t<meta property=\"og:image:type\" content=\"image\/png\" \/>\n<meta name=\"twitter:card\" content=\"summary_large_image\" \/>\n<meta name=\"twitter:label1\" content=\"Est. reading time\" \/>\n\t<meta name=\"twitter:data1\" content=\"1 minute\" \/>\n<script type=\"application\/ld+json\" class=\"yoast-schema-graph\">{\"@context\":\"https:\/\/schema.org\",\"@graph\":[{\"@type\":\"WebPage\",\"@id\":\"https:\/\/moronaep.gob.ec\/quienes-somos\/\",\"url\":\"https:\/\/moronaep.gob.ec\/quienes-somos\/\",\"name\":\"Empresa P\u00fablica Morona Construye su Desarrollo (Morona-EP)\",\"isPartOf\":{\"@id\":\"https:\/\/moronaep.gob.ec\/#website\"},\"primaryImageOfPage\":{\"@id\":\"https:\/\/moronaep.gob.ec\/quienes-somos\/#primaryimage\"},\"image\":{\"@id\":\"https:\/\/moronaep.gob.ec\/quienes-somos\/#primaryimage\"},\"thumbnailUrl\":\"https:\/\/moronaep.gob.ec\/wp-content\/uploads\/2025\/07\/LOGO-WEB-02.png\",\"datePublished\":\"2025-07-05T23:13:23+00:00\",\"dateModified\":\"2025-07-09T02:12:30+00:00\",\"breadcrumb\":{\"@id\":\"https:\/\/moronaep.gob.ec\/quienes-somos\/#breadcrumb\"},\"inLanguage\":\"en-US\",\"potentialAction\":[{\"@type\":\"ReadAction\",\"target\":[\"https:\/\/moronaep.gob.ec\/quienes-somos\/\"]}]},{\"@type\":\"ImageObject\",\"inLanguage\":\"en-US\",\"@id\":\"https:\/\/moronaep.gob.ec\/quienes-somos\/#primaryimage\",\"url\":\"https:\/\/moronaep.gob.ec\/wp-content\/uploads\/2025\/07\/LOGO-WEB-02.png\",\"contentUrl\":\"https:\/\/moronaep.gob.ec\/wp-content\/uploads\/2025\/07\/LOGO-WEB-02.png\",\"width\":350,\"height\":100},{\"@type\":\"BreadcrumbList\",\"@id\":\"https:\/\/moronaep.gob.ec\/quienes-somos\/#breadcrumb\",\"itemListElement\":[{\"@type\":\"ListItem\",\"position\":1,\"name\":\"Portada\",\"item\":\"https:\/\/moronaep.gob.ec\/\"},{\"@type\":\"ListItem\",\"position\":2,\"name\":\"Qui\u00e9nes Somos\"}]},{\"@type\":\"WebSite\",\"@id\":\"https:\/\/moronaep.gob.ec\/#website\",\"url\":\"https:\/\/moronaep.gob.ec\/\",\"name\":\"Empresa P\u00fablica Morona Construye su Desarrollo (Morona-EP)\",\"description\":\"\",\"publisher\":{\"@id\":\"https:\/\/moronaep.gob.ec\/#organization\"},\"potentialAction\":[{\"@type\":\"SearchAction\",\"target\":{\"@type\":\"EntryPoint\",\"urlTemplate\":\"https:\/\/moronaep.gob.ec\/?s={search_term_string}\"},\"query-input\":{\"@type\":\"PropertyValueSpecification\",\"valueRequired\":true,\"valueName\":\"search_term_string\"}}],\"inLanguage\":\"en-US\"},{\"@type\":\"Organization\",\"@id\":\"https:\/\/moronaep.gob.ec\/#organization\",\"name\":\"Empresa P\u00fablica Morona Construye su Desarrollo (Morona-EP)\",\"url\":\"https:\/\/moronaep.gob.ec\/\",\"logo\":{\"@type\":\"ImageObject\",\"inLanguage\":\"en-US\",\"@id\":\"https:\/\/moronaep.gob.ec\/#\/schema\/logo\/image\/\",\"url\":\"https:\/\/moronaep.gob.ec\/wp-content\/uploads\/2025\/07\/cropped-LOGO-WEB-02.png\",\"contentUrl\":\"https:\/\/moronaep.gob.ec\/wp-content\/uploads\/2025\/07\/cropped-LOGO-WEB-02.png\",\"width\":350,\"height\":100,\"caption\":\"Empresa P\u00fablica Morona Construye su Desarrollo (Morona-EP)\"},\"image\":{\"@id\":\"https:\/\/moronaep.gob.ec\/#\/schema\/logo\/image\/\"}}]}<\/script>\n<!-- \/ Yoast SEO Premium plugin. -->","yoast_head_json":{"title":"Empresa P\u00fablica Morona Construye su Desarrollo (Morona-EP)","robots":{"index":"index","follow":"follow","max-snippet":"max-snippet:-1","max-image-preview":"max-image-preview:large","max-video-preview":"max-video-preview:-1"},"canonical":"https:\/\/moronaep.gob.ec\/en\/quienes-somos\/","og_locale":"en_US","og_type":"article","og_title":"Qui\u00e9nes Somos","og_description":"Inicio \u201cMORONA EP\u201d, es una empresa p\u00fablica, adscrita al Gobierno Municipal del cant\u00f3n Morona, que, como parte de su giro espec\u00edfico de negocio tiene como finalidad: Identificar, impulsar, ejecutar, administrar, y\/o transferir proyectos de desarrollo de: Vivienda de inter\u00e9s social y p\u00fablico, Infraestructura B\u00e1sica, Vialidad, Equipamiento Urbano, Consultor\u00eda, administraci\u00f3n, mantenimiento y operatividad de servicios p\u00fablicos [&hellip;]","og_url":"https:\/\/moronaep.gob.ec\/en\/quienes-somos\/","og_site_name":"Empresa P\u00fablica Morona Construye su Desarrollo (Morona-EP)","article_modified_time":"2025-07-09T02:12:30+00:00","og_image":[{"width":350,"height":100,"url":"https:\/\/moronaep.gob.ec\/wp-content\/uploads\/2025\/07\/LOGO-WEB-02.png","type":"image\/png"}],"twitter_card":"summary_large_image","twitter_misc":{"Est. reading time":"1 minute"},"schema":{"@context":"https:\/\/schema.org","@graph":[{"@type":"WebPage","@id":"https:\/\/moronaep.gob.ec\/quienes-somos\/","url":"https:\/\/moronaep.gob.ec\/quienes-somos\/","name":"Empresa P\u00fablica Morona Construye su Desarrollo (Morona-EP)","isPartOf":{"@id":"https:\/\/moronaep.gob.ec\/#website"},"primaryImageOfPage":{"@id":"https:\/\/moronaep.gob.ec\/quienes-somos\/#primaryimage"},"image":{"@id":"https:\/\/moronaep.gob.ec\/quienes-somos\/#primaryimage"},"thumbnailUrl":"https:\/\/moronaep.gob.ec\/wp-content\/uploads\/2025\/07\/LOGO-WEB-02.png","datePublished":"2025-07-05T23:13:23+00:00","dateModified":"2025-07-09T02:12:30+00:00","breadcrumb":{"@id":"https:\/\/moronaep.gob.ec\/quienes-somos\/#breadcrumb"},"inLanguage":"en-US","potentialAction":[{"@type":"ReadAction","target":["https:\/\/moronaep.gob.ec\/quienes-somos\/"]}]},{"@type":"ImageObject","inLanguage":"en-US","@id":"https:\/\/moronaep.gob.ec\/quienes-somos\/#primaryimage","url":"https:\/\/moronaep.gob.ec\/wp-content\/uploads\/2025\/07\/LOGO-WEB-02.png","contentUrl":"https:\/\/moronaep.gob.ec\/wp-content\/uploads\/2025\/07\/LOGO-WEB-02.png","width":350,"height":100},{"@type":"BreadcrumbList","@id":"https:\/\/moronaep.gob.ec\/quienes-somos\/#breadcrumb","itemListElement":[{"@type":"ListItem","position":1,"name":"Portada","item":"https:\/\/moronaep.gob.ec\/"},{"@type":"ListItem","position":2,"name":"Qui\u00e9nes Somos"}]},{"@type":"WebSite","@id":"https:\/\/moronaep.gob.ec\/#website","url":"https:\/\/moronaep.gob.ec\/","name":"Empresa P\u00fablica Morona Construye su Desarrollo (Morona-EP)","description":"","publisher":{"@id":"https:\/\/moronaep.gob.ec\/#organization"},"potentialAction":[{"@type":"SearchAction","target":{"@type":"EntryPoint","urlTemplate":"https:\/\/moronaep.gob.ec\/?s={search_term_string}"},"query-input":{"@type":"PropertyValueSpecification","valueRequired":true,"valueName":"search_term_string"}}],"inLanguage":"en-US"},{"@type":"Organization","@id":"https:\/\/moronaep.gob.ec\/#organization","name":"Empresa P\u00fablica Morona Construye su Desarrollo (Morona-EP)","url":"https:\/\/moronaep.gob.ec\/","logo":{"@type":"ImageObject","inLanguage":"en-US","@id":"https:\/\/moronaep.gob.ec\/#\/schema\/logo\/image\/","url":"https:\/\/moronaep.gob.ec\/wp-content\/uploads\/2025\/07\/cropped-LOGO-WEB-02.png","contentUrl":"https:\/\/moronaep.gob.ec\/wp-content\/uploads\/2025\/07\/cropped-LOGO-WEB-02.png","width":350,"height":100,"caption":"Empresa P\u00fablica Morona Construye su Desarrollo (Morona-EP)"},"image":{"@id":"https:\/\/moronaep.gob.ec\/#\/schema\/logo\/image\/"}}]}},"_links":{"self":[{"href":"https:\/\/moronaep.gob.ec\/en\/wp-json\/wp\/v2\/pages\/377","targetHints":{"allow":["GET"]}}],"collection":[{"href":"https:\/\/moronaep.gob.ec\/en\/wp-json\/wp\/v2\/pages"}],"about":[{"href":"https:\/\/moronaep.gob.ec\/en\/wp-json\/wp\/v2\/types\/page"}],"author":[{"embeddable":true,"href":"https:\/\/moronaep.gob.ec\/en\/wp-json\/wp\/v2\/users\/1"}],"replies":[{"embeddable":true,"href":"https:\/\/moronaep.gob.ec\/en\/wp-json\/wp\/v2\/comments?post=377"}],"version-history":[{"count":22,"href":"https:\/\/moronaep.gob.ec\/en\/wp-json\/wp\/v2\/pages\/377\/revisions"}],"predecessor-version":[{"id":861,"href":"https:\/\/moronaep.gob.ec\/en\/wp-json\/wp\/v2\/pages\/377\/revisions\/861"}],"wp:featuredmedia":[{"embeddable":true,"href":"https:\/\/moronaep.gob.ec\/en\/wp-json\/wp\/v2\/media\/83"}],"wp:attachment":[{"href":"https:\/\/moronaep.gob.ec\/en\/wp-json\/wp\/v2\/media?parent=377"}],"curies":[{"name":"wp","href":"https:\/\/api.w.org\/{rel}","templated":true}]}}