{"id":447,"date":"2025-07-06T00:17:49","date_gmt":"2025-07-06T00:17:49","guid":{"rendered":"https:\/\/moronaep.gob.ec\/?page_id=447"},"modified":"2025-07-09T02:16:51","modified_gmt":"2025-07-09T02:16:51","slug":"gerente-general","status":"publish","type":"page","link":"https:\/\/moronaep.gob.ec\/en\/gerente-general\/","title":{"rendered":"General manager"},"content":{"rendered":"<div data-elementor-type=\"wp-page\" data-elementor-id=\"447\" class=\"elementor elementor-447\" data-elementor-post-type=\"page\">\n\t\t\t\t\t\t<section class=\"elementor-section elementor-top-section elementor-element elementor-element-3bc58d3 elementor-section-boxed elementor-section-height-default elementor-section-height-default\" data-id=\"3bc58d3\" data-element_type=\"section\" data-settings=\"{&quot;background_background&quot;:&quot;classic&quot;}\">\n\t\t\t\t\t\t\t<div class=\"elementor-background-overlay\"><\/div>\n\t\t\t\t\t\t\t<div class=\"elementor-container elementor-column-gap-default\">\n\t\t\t\t\t<div class=\"elementor-column elementor-col-50 elementor-top-column elementor-element elementor-element-07b9574\" data-id=\"07b9574\" data-element_type=\"column\">\n\t\t\t<div class=\"elementor-widget-wrap elementor-element-populated\">\n\t\t\t\t\t\t\t<\/div>\n\t\t<\/div>\n\t\t\t\t<div class=\"elementor-column elementor-col-50 elementor-top-column elementor-element elementor-element-e3b71b5\" data-id=\"e3b71b5\" data-element_type=\"column\">\n\t\t\t<div class=\"elementor-widget-wrap elementor-element-populated\">\n\t\t\t\t\t\t<div class=\"elementor-element elementor-element-1025745 elementor-icon-list--layout-inline elementor-widget__width-auto elementor-list-item-link-full_width elementor-widget elementor-widget-icon-list\" data-id=\"1025745\" data-element_type=\"widget\" data-settings=\"{&quot;_animation&quot;:&quot;none&quot;}\" data-widget_type=\"icon-list.default\">\n\t\t\t\t\t\t\t<ul class=\"elementor-icon-list-items elementor-inline-items\">\n\t\t\t\t\t\t\t<li class=\"elementor-icon-list-item elementor-inline-item\">\n\t\t\t\t\t\t\t\t\t\t\t<a href=\"https:\/\/moronaep.gob.ec\/en\/\">\n\n\t\t\t\t\t\t\t\t\t\t\t<span class=\"elementor-icon-list-text\">Home<\/span>\n\t\t\t\t\t\t\t\t\t\t\t<\/a>\n\t\t\t\t\t\t\t\t\t<\/li>\n\t\t\t\t\t\t<\/ul>\n\t\t\t\t\t\t<\/div>\n\t\t\t\t\t<\/div>\n\t\t<\/div>\n\t\t\t\t\t<\/div>\n\t\t<\/section>\n\t\t\t\t<section class=\"elementor-section elementor-top-section elementor-element elementor-element-23ae1aeb elementor-reverse-mobile elementor-section-boxed elementor-section-height-default elementor-section-height-default\" data-id=\"23ae1aeb\" data-element_type=\"section\" data-settings=\"{&quot;background_background&quot;:&quot;classic&quot;}\">\n\t\t\t\t\t\t<div class=\"elementor-container elementor-column-gap-default\">\n\t\t\t\t\t<div class=\"elementor-column elementor-col-100 elementor-top-column elementor-element elementor-element-6f7a012b elementor-invisible\" data-id=\"6f7a012b\" data-element_type=\"column\" data-settings=\"{&quot;background_background&quot;:&quot;classic&quot;,&quot;animation&quot;:&quot;fadeInUp&quot;}\">\n\t\t\t<div class=\"elementor-widget-wrap elementor-element-populated\">\n\t\t\t\t\t\t<div class=\"elementor-element elementor-element-6956df22 elementor-widget elementor-widget-text-editor\" data-id=\"6956df22\" data-element_type=\"widget\" data-widget_type=\"text-editor.default\">\n\t\t\t\t\t\t\t\t\t<p>Our focus on efficiency and innovation distinguishes us in the fields of social and public housing construction, basic infrastructure, roads, urban facilities, public services, consulting, and multimodal transportation. We utilize cutting-edge technologies, modern equipment, advanced construction methods, and strategic partnerships with private sector participation to optimize processes and maximize results. Furthermore, we are committed to respecting the environment and promoting sustainable practices in every project we undertake. Whether implementing any of our business lines, our highly trained team is prepared to meet challenges and deliver durable and functional products.<\/p><h5 style=\"text-align: center;\"><strong>Ing. Byron Vinicio Salinas Salinas, Mgs<\/strong><\/h5><p style=\"text-align: center;\"><strong>General Manager of MORONA EP<\/strong><\/p>\t\t\t\t\t\t\t\t<\/div>\n\t\t\t\t<div class=\"elementor-element elementor-element-4a9a2d7e elementor-widget elementor-widget-image\" data-id=\"4a9a2d7e\" data-element_type=\"widget\" data-widget_type=\"image.default\">\n\t\t\t\t\t\t\t\t\t\t\t\t\t\t\t<img decoding=\"async\" width=\"178\" height=\"183\" src=\"https:\/\/moronaep.gob.ec\/wp-content\/uploads\/2025\/07\/Ing.-Byron-Salinas.-Gerente-General.jpg\" class=\"attachment-full size-full wp-image-183\" alt=\"\" \/>\t\t\t\t\t\t\t\t\t\t\t\t\t\t\t<\/div>\n\t\t\t\t\t<\/div>\n\t\t<\/div>\n\t\t\t\t\t<\/div>\n\t\t<\/section>\n\t\t\t\t<\/div>","protected":false},"excerpt":{"rendered":"<p>Inicio Nuestro enfoque en la eficiencia y la innovaci\u00f3n nos distingue en el \u00e1mbito de la construcci\u00f3n de vivienda social y publica, Infraestructura b\u00e1sica, vialidad, equipamiento urbano, servicios p\u00fablicos, consultor\u00eda y transporte multimodal. Utilizamos tecnolog\u00edas de vanguardia, equipos modernos y m\u00e9todos de construcci\u00f3n avanzados y alianzas estrat\u00e9gicas con la participaci\u00f3n de la empresa privada, para [&hellip;]<\/p>","protected":false},"author":1,"featured_media":83,"parent":0,"menu_order":0,"comment_status":"closed","ping_status":"closed","template":"elementor_header_footer","meta":{"footnotes":""},"class_list":["post-447","page","type-page","status-publish","has-post-thumbnail","hentry"],"yoast_head":"<!-- This site is optimized with the Yoast SEO Premium plugin v25.4 (Yoast SEO v25.4) - https:\/\/yoast.com\/wordpress\/plugins\/seo\/ -->\n<title>Empresa P\u00fablica Morona Construye su Desarrollo (Morona-EP)<\/title>\n<meta name=\"robots\" content=\"index, follow, max-snippet:-1, max-image-preview:large, max-video-preview:-1\" \/>\n<link rel=\"canonical\" href=\"https:\/\/moronaep.gob.ec\/en\/gerente-general\/\" \/>\n<meta property=\"og:locale\" content=\"en_US\" \/>\n<meta property=\"og:type\" content=\"article\" \/>\n<meta property=\"og:title\" content=\"Gerente General\" \/>\n<meta property=\"og:description\" content=\"Inicio Nuestro enfoque en la eficiencia y la innovaci\u00f3n nos distingue en el \u00e1mbito de la construcci\u00f3n de vivienda social y publica, Infraestructura b\u00e1sica, vialidad, equipamiento urbano, servicios p\u00fablicos, consultor\u00eda y transporte multimodal. Utilizamos tecnolog\u00edas de vanguardia, equipos modernos y m\u00e9todos de construcci\u00f3n avanzados y alianzas estrat\u00e9gicas con la participaci\u00f3n de la empresa privada, para [&hellip;]\" \/>\n<meta property=\"og:url\" content=\"https:\/\/moronaep.gob.ec\/en\/gerente-general\/\" \/>\n<meta property=\"og:site_name\" content=\"Empresa P\u00fablica Morona Construye su Desarrollo (Morona-EP)\" \/>\n<meta property=\"article:modified_time\" content=\"2025-07-09T02:16:51+00:00\" \/>\n<meta property=\"og:image\" content=\"https:\/\/moronaep.gob.ec\/wp-content\/uploads\/2025\/07\/LOGO-WEB-02.png\" \/>\n\t<meta property=\"og:image:width\" content=\"350\" \/>\n\t<meta property=\"og:image:height\" content=\"100\" \/>\n\t<meta property=\"og:image:type\" content=\"image\/png\" \/>\n<meta name=\"twitter:card\" content=\"summary_large_image\" \/>\n<meta name=\"twitter:label1\" content=\"Est. reading time\" \/>\n\t<meta name=\"twitter:data1\" content=\"1 minute\" \/>\n<script type=\"application\/ld+json\" class=\"yoast-schema-graph\">{\"@context\":\"https:\/\/schema.org\",\"@graph\":[{\"@type\":\"WebPage\",\"@id\":\"https:\/\/moronaep.gob.ec\/gerente-general\/\",\"url\":\"https:\/\/moronaep.gob.ec\/gerente-general\/\",\"name\":\"Empresa P\u00fablica Morona Construye su Desarrollo (Morona-EP)\",\"isPartOf\":{\"@id\":\"https:\/\/moronaep.gob.ec\/#website\"},\"primaryImageOfPage\":{\"@id\":\"https:\/\/moronaep.gob.ec\/gerente-general\/#primaryimage\"},\"image\":{\"@id\":\"https:\/\/moronaep.gob.ec\/gerente-general\/#primaryimage\"},\"thumbnailUrl\":\"https:\/\/moronaep.gob.ec\/wp-content\/uploads\/2025\/07\/LOGO-WEB-02.png\",\"datePublished\":\"2025-07-06T00:17:49+00:00\",\"dateModified\":\"2025-07-09T02:16:51+00:00\",\"breadcrumb\":{\"@id\":\"https:\/\/moronaep.gob.ec\/gerente-general\/#breadcrumb\"},\"inLanguage\":\"en-US\",\"potentialAction\":[{\"@type\":\"ReadAction\",\"target\":[\"https:\/\/moronaep.gob.ec\/gerente-general\/\"]}]},{\"@type\":\"ImageObject\",\"inLanguage\":\"en-US\",\"@id\":\"https:\/\/moronaep.gob.ec\/gerente-general\/#primaryimage\",\"url\":\"https:\/\/moronaep.gob.ec\/wp-content\/uploads\/2025\/07\/LOGO-WEB-02.png\",\"contentUrl\":\"https:\/\/moronaep.gob.ec\/wp-content\/uploads\/2025\/07\/LOGO-WEB-02.png\",\"width\":350,\"height\":100},{\"@type\":\"BreadcrumbList\",\"@id\":\"https:\/\/moronaep.gob.ec\/gerente-general\/#breadcrumb\",\"itemListElement\":[{\"@type\":\"ListItem\",\"position\":1,\"name\":\"Portada\",\"item\":\"https:\/\/moronaep.gob.ec\/\"},{\"@type\":\"ListItem\",\"position\":2,\"name\":\"Gerente General\"}]},{\"@type\":\"WebSite\",\"@id\":\"https:\/\/moronaep.gob.ec\/#website\",\"url\":\"https:\/\/moronaep.gob.ec\/\",\"name\":\"Empresa P\u00fablica Morona Construye su Desarrollo (Morona-EP)\",\"description\":\"\",\"publisher\":{\"@id\":\"https:\/\/moronaep.gob.ec\/#organization\"},\"potentialAction\":[{\"@type\":\"SearchAction\",\"target\":{\"@type\":\"EntryPoint\",\"urlTemplate\":\"https:\/\/moronaep.gob.ec\/?s={search_term_string}\"},\"query-input\":{\"@type\":\"PropertyValueSpecification\",\"valueRequired\":true,\"valueName\":\"search_term_string\"}}],\"inLanguage\":\"en-US\"},{\"@type\":\"Organization\",\"@id\":\"https:\/\/moronaep.gob.ec\/#organization\",\"name\":\"Empresa P\u00fablica Morona Construye su Desarrollo (Morona-EP)\",\"url\":\"https:\/\/moronaep.gob.ec\/\",\"logo\":{\"@type\":\"ImageObject\",\"inLanguage\":\"en-US\",\"@id\":\"https:\/\/moronaep.gob.ec\/#\/schema\/logo\/image\/\",\"url\":\"https:\/\/moronaep.gob.ec\/wp-content\/uploads\/2025\/07\/cropped-LOGO-WEB-02.png\",\"contentUrl\":\"https:\/\/moronaep.gob.ec\/wp-content\/uploads\/2025\/07\/cropped-LOGO-WEB-02.png\",\"width\":350,\"height\":100,\"caption\":\"Empresa P\u00fablica Morona Construye su Desarrollo (Morona-EP)\"},\"image\":{\"@id\":\"https:\/\/moronaep.gob.ec\/#\/schema\/logo\/image\/\"}}]}<\/script>\n<!-- \/ Yoast SEO Premium plugin. -->","yoast_head_json":{"title":"Empresa P\u00fablica Morona Construye su Desarrollo (Morona-EP)","robots":{"index":"index","follow":"follow","max-snippet":"max-snippet:-1","max-image-preview":"max-image-preview:large","max-video-preview":"max-video-preview:-1"},"canonical":"https:\/\/moronaep.gob.ec\/en\/gerente-general\/","og_locale":"en_US","og_type":"article","og_title":"Gerente General","og_description":"Inicio Nuestro enfoque en la eficiencia y la innovaci\u00f3n nos distingue en el \u00e1mbito de la construcci\u00f3n de vivienda social y publica, Infraestructura b\u00e1sica, vialidad, equipamiento urbano, servicios p\u00fablicos, consultor\u00eda y transporte multimodal. Utilizamos tecnolog\u00edas de vanguardia, equipos modernos y m\u00e9todos de construcci\u00f3n avanzados y alianzas estrat\u00e9gicas con la participaci\u00f3n de la empresa privada, para [&hellip;]","og_url":"https:\/\/moronaep.gob.ec\/en\/gerente-general\/","og_site_name":"Empresa P\u00fablica Morona Construye su Desarrollo (Morona-EP)","article_modified_time":"2025-07-09T02:16:51+00:00","og_image":[{"width":350,"height":100,"url":"https:\/\/moronaep.gob.ec\/wp-content\/uploads\/2025\/07\/LOGO-WEB-02.png","type":"image\/png"}],"twitter_card":"summary_large_image","twitter_misc":{"Est. reading time":"1 minute"},"schema":{"@context":"https:\/\/schema.org","@graph":[{"@type":"WebPage","@id":"https:\/\/moronaep.gob.ec\/gerente-general\/","url":"https:\/\/moronaep.gob.ec\/gerente-general\/","name":"Empresa P\u00fablica Morona Construye su Desarrollo (Morona-EP)","isPartOf":{"@id":"https:\/\/moronaep.gob.ec\/#website"},"primaryImageOfPage":{"@id":"https:\/\/moronaep.gob.ec\/gerente-general\/#primaryimage"},"image":{"@id":"https:\/\/moronaep.gob.ec\/gerente-general\/#primaryimage"},"thumbnailUrl":"https:\/\/moronaep.gob.ec\/wp-content\/uploads\/2025\/07\/LOGO-WEB-02.png","datePublished":"2025-07-06T00:17:49+00:00","dateModified":"2025-07-09T02:16:51+00:00","breadcrumb":{"@id":"https:\/\/moronaep.gob.ec\/gerente-general\/#breadcrumb"},"inLanguage":"en-US","potentialAction":[{"@type":"ReadAction","target":["https:\/\/moronaep.gob.ec\/gerente-general\/"]}]},{"@type":"ImageObject","inLanguage":"en-US","@id":"https:\/\/moronaep.gob.ec\/gerente-general\/#primaryimage","url":"https:\/\/moronaep.gob.ec\/wp-content\/uploads\/2025\/07\/LOGO-WEB-02.png","contentUrl":"https:\/\/moronaep.gob.ec\/wp-content\/uploads\/2025\/07\/LOGO-WEB-02.png","width":350,"height":100},{"@type":"BreadcrumbList","@id":"https:\/\/moronaep.gob.ec\/gerente-general\/#breadcrumb","itemListElement":[{"@type":"ListItem","position":1,"name":"Portada","item":"https:\/\/moronaep.gob.ec\/"},{"@type":"ListItem","position":2,"name":"Gerente General"}]},{"@type":"WebSite","@id":"https:\/\/moronaep.gob.ec\/#website","url":"https:\/\/moronaep.gob.ec\/","name":"Empresa P\u00fablica Morona Construye su Desarrollo (Morona-EP)","description":"","publisher":{"@id":"https:\/\/moronaep.gob.ec\/#organization"},"potentialAction":[{"@type":"SearchAction","target":{"@type":"EntryPoint","urlTemplate":"https:\/\/moronaep.gob.ec\/?s={search_term_string}"},"query-input":{"@type":"PropertyValueSpecification","valueRequired":true,"valueName":"search_term_string"}}],"inLanguage":"en-US"},{"@type":"Organization","@id":"https:\/\/moronaep.gob.ec\/#organization","name":"Empresa P\u00fablica Morona Construye su Desarrollo (Morona-EP)","url":"https:\/\/moronaep.gob.ec\/","logo":{"@type":"ImageObject","inLanguage":"en-US","@id":"https:\/\/moronaep.gob.ec\/#\/schema\/logo\/image\/","url":"https:\/\/moronaep.gob.ec\/wp-content\/uploads\/2025\/07\/cropped-LOGO-WEB-02.png","contentUrl":"https:\/\/moronaep.gob.ec\/wp-content\/uploads\/2025\/07\/cropped-LOGO-WEB-02.png","width":350,"height":100,"caption":"Empresa P\u00fablica Morona Construye su Desarrollo (Morona-EP)"},"image":{"@id":"https:\/\/moronaep.gob.ec\/#\/schema\/logo\/image\/"}}]}},"_links":{"self":[{"href":"https:\/\/moronaep.gob.ec\/en\/wp-json\/wp\/v2\/pages\/447","targetHints":{"allow":["GET"]}}],"collection":[{"href":"https:\/\/moronaep.gob.ec\/en\/wp-json\/wp\/v2\/pages"}],"about":[{"href":"https:\/\/moronaep.gob.ec\/en\/wp-json\/wp\/v2\/types\/page"}],"author":[{"embeddable":true,"href":"https:\/\/moronaep.gob.ec\/en\/wp-json\/wp\/v2\/users\/1"}],"replies":[{"embeddable":true,"href":"https:\/\/moronaep.gob.ec\/en\/wp-json\/wp\/v2\/comments?post=447"}],"version-history":[{"count":13,"href":"https:\/\/moronaep.gob.ec\/en\/wp-json\/wp\/v2\/pages\/447\/revisions"}],"predecessor-version":[{"id":876,"href":"https:\/\/moronaep.gob.ec\/en\/wp-json\/wp\/v2\/pages\/447\/revisions\/876"}],"wp:featuredmedia":[{"embeddable":true,"href":"https:\/\/moronaep.gob.ec\/en\/wp-json\/wp\/v2\/media\/83"}],"wp:attachment":[{"href":"https:\/\/moronaep.gob.ec\/en\/wp-json\/wp\/v2\/media?parent=447"}],"curies":[{"name":"wp","href":"https:\/\/api.w.org\/{rel}","templated":true}]}}