{"id":577,"date":"2025-07-06T02:05:25","date_gmt":"2025-07-06T02:05:25","guid":{"rendered":"https:\/\/moronaep.gob.ec\/?page_id=577"},"modified":"2025-07-06T02:09:26","modified_gmt":"2025-07-06T02:09:26","slug":"vialidad","status":"publish","type":"page","link":"https:\/\/moronaep.gob.ec\/en\/vialidad\/","title":{"rendered":"Roads"},"content":{"rendered":"<div data-elementor-type=\"wp-page\" data-elementor-id=\"577\" class=\"elementor elementor-577\" data-elementor-post-type=\"page\">\n\t\t\t\t\t\t<section class=\"elementor-section elementor-top-section elementor-element elementor-element-3bc58d3 elementor-section-boxed elementor-section-height-default elementor-section-height-default\" data-id=\"3bc58d3\" data-element_type=\"section\" data-settings=\"{&quot;background_background&quot;:&quot;classic&quot;}\">\n\t\t\t\t\t\t\t<div class=\"elementor-background-overlay\"><\/div>\n\t\t\t\t\t\t\t<div class=\"elementor-container elementor-column-gap-default\">\n\t\t\t\t\t<div class=\"elementor-column elementor-col-50 elementor-top-column elementor-element elementor-element-07b9574\" data-id=\"07b9574\" data-element_type=\"column\">\n\t\t\t<div class=\"elementor-widget-wrap elementor-element-populated\">\n\t\t\t\t\t\t\t<\/div>\n\t\t<\/div>\n\t\t\t\t<div class=\"elementor-column elementor-col-50 elementor-top-column elementor-element elementor-element-e3b71b5\" data-id=\"e3b71b5\" data-element_type=\"column\">\n\t\t\t<div class=\"elementor-widget-wrap elementor-element-populated\">\n\t\t\t\t\t\t<div class=\"elementor-element elementor-element-1025745 elementor-icon-list--layout-inline elementor-widget__width-auto elementor-list-item-link-full_width elementor-widget elementor-widget-icon-list\" data-id=\"1025745\" data-element_type=\"widget\" data-settings=\"{&quot;_animation&quot;:&quot;none&quot;}\" data-widget_type=\"icon-list.default\">\n\t\t\t\t\t\t\t<ul class=\"elementor-icon-list-items elementor-inline-items\">\n\t\t\t\t\t\t\t<li class=\"elementor-icon-list-item elementor-inline-item\">\n\t\t\t\t\t\t\t\t\t\t\t<a href=\"https:\/\/moronaep.gob.ec\/en\/\">\n\n\t\t\t\t\t\t\t\t\t\t\t<span class=\"elementor-icon-list-text\">Home<\/span>\n\t\t\t\t\t\t\t\t\t\t\t<\/a>\n\t\t\t\t\t\t\t\t\t<\/li>\n\t\t\t\t\t\t<\/ul>\n\t\t\t\t\t\t<\/div>\n\t\t\t\t\t<\/div>\n\t\t<\/div>\n\t\t\t\t\t<\/div>\n\t\t<\/section>\n\t\t\t\t<section class=\"elementor-section elementor-top-section elementor-element elementor-element-23ae1aeb elementor-reverse-mobile elementor-section-boxed elementor-section-height-default elementor-section-height-default\" data-id=\"23ae1aeb\" data-element_type=\"section\" data-settings=\"{&quot;background_background&quot;:&quot;classic&quot;}\">\n\t\t\t\t\t\t<div class=\"elementor-container elementor-column-gap-default\">\n\t\t\t\t\t<div class=\"elementor-column elementor-col-100 elementor-top-column elementor-element elementor-element-6f7a012b elementor-invisible\" data-id=\"6f7a012b\" data-element_type=\"column\" data-settings=\"{&quot;background_background&quot;:&quot;classic&quot;,&quot;animation&quot;:&quot;fadeInUp&quot;}\">\n\t\t\t<div class=\"elementor-widget-wrap elementor-element-populated\">\n\t\t\t\t\t\t<div class=\"elementor-element elementor-element-6956df22 elementor-widget elementor-widget-text-editor\" data-id=\"6956df22\" data-element_type=\"widget\" data-widget_type=\"text-editor.default\">\n\t\t\t\t\t\t\t\t\t<p>La vialidad en la provincia de Morona Santiago, en la Amazon\u00eda ecuatoriana, se caracteriza por la existencia de cuatro conexiones viales importantes que la unen con el resto del pa\u00eds: Riobamba-Macas, Gualaceo-Lim\u00f3n, Guarumales-M\u00e9ndez y Gualaquiza-Sigsig. El Ministerio de Transporte y Obras P\u00fablicas ha realizado inversiones significativas en la reconstrucci\u00f3n y mejora de estas v\u00edas, as\u00ed como en la construcci\u00f3n de puentes, para optimizar la movilidad y el desarrollo de la regi\u00f3n. La mejora de la infraestructura vial beneficia directamente a las comunidades locales, especialmente a aquellas dedicadas a actividades agropecuarias, facilitando el transporte de productos y el acceso a mercados.<\/p>\t\t\t\t\t\t\t\t<\/div>\n\t\t<div class=\"elementor-element elementor-element-39f2f3c e-grid e-con-boxed e-con e-parent\" data-id=\"39f2f3c\" data-element_type=\"container\">\n\t\t\t\t\t<div class=\"e-con-inner\">\n\t\t\t\t<div class=\"elementor-element elementor-element-256d4ff elementor-widget elementor-widget-image\" data-id=\"256d4ff\" data-element_type=\"widget\" data-widget_type=\"image.default\">\n\t\t\t\t\t\t\t\t\t\t\t\t\t\t\t<img fetchpriority=\"high\" decoding=\"async\" width=\"321\" height=\"221\" src=\"https:\/\/moronaep.gob.ec\/wp-content\/uploads\/2025\/07\/Imagen10.png\" class=\"attachment-full size-full wp-image-580\" alt=\"\" srcset=\"https:\/\/moronaep.gob.ec\/wp-content\/uploads\/2025\/07\/Imagen10.png 321w, https:\/\/moronaep.gob.ec\/wp-content\/uploads\/2025\/07\/Imagen10-300x207.png 300w\" sizes=\"(max-width: 321px) 100vw, 321px\" \/>\t\t\t\t\t\t\t\t\t\t\t\t\t\t\t<\/div>\n\t\t\t\t<div class=\"elementor-element elementor-element-19b705b elementor-widget elementor-widget-image\" data-id=\"19b705b\" data-element_type=\"widget\" data-widget_type=\"image.default\">\n\t\t\t\t\t\t\t\t\t\t\t\t\t\t\t<img decoding=\"async\" width=\"321\" height=\"222\" src=\"https:\/\/moronaep.gob.ec\/wp-content\/uploads\/2025\/07\/Imagen11.jpg\" class=\"attachment-full size-full wp-image-579\" alt=\"\" srcset=\"https:\/\/moronaep.gob.ec\/wp-content\/uploads\/2025\/07\/Imagen11.jpg 321w, https:\/\/moronaep.gob.ec\/wp-content\/uploads\/2025\/07\/Imagen11-300x207.jpg 300w\" sizes=\"(max-width: 321px) 100vw, 321px\" \/>\t\t\t\t\t\t\t\t\t\t\t\t\t\t\t<\/div>\n\t\t\t\t\t<\/div>\n\t\t\t\t<\/div>\n\t\t\t\t<div class=\"elementor-element elementor-element-228d62f elementor-widget elementor-widget-text-editor\" data-id=\"228d62f\" data-element_type=\"widget\" data-widget_type=\"text-editor.default\">\n\t\t\t\t\t\t\t\t\t<p><strong>Aspectos clave de la vialidad en Morona:<\/strong><\/p><p><strong>Conexiones Principales:<\/strong><\/p><p>Las cuatro v\u00edas mencionadas son las arterias principales para la conexi\u00f3n de Morona Santiago con otras regiones de Ecuador.<\/p><p><strong>Inversi\u00f3n y Mejora:<\/strong><\/p><p>El Gobierno Nacional ha invertido en la reconstrucci\u00f3n y mejora de estas carreteras, incluyendo la v\u00eda 9 de Octubre-Macas, para impulsar la econom\u00eda local y mejorar la calidad de vida de sus habitantes. El Ministerio de Transporte y Obras P\u00fablicas ha completado la construcci\u00f3n de 254 kil\u00f3metros de v\u00edas y 1.634,90 metros lineales de puentes en la provincia.<\/p>\t\t\t\t\t\t\t\t<\/div>\n\t\t<div class=\"elementor-element elementor-element-8f28956 e-grid e-con-boxed e-con e-parent\" data-id=\"8f28956\" data-element_type=\"container\">\n\t\t\t\t\t<div class=\"e-con-inner\">\n\t\t\t\t<div class=\"elementor-element elementor-element-cc04eaf elementor-widget elementor-widget-image\" data-id=\"cc04eaf\" data-element_type=\"widget\" data-widget_type=\"image.default\">\n\t\t\t\t\t\t\t\t\t\t\t\t\t\t\t<img decoding=\"async\" width=\"2048\" height=\"1366\" src=\"https:\/\/moronaep.gob.ec\/wp-content\/uploads\/2025\/07\/484872678_1050498523791051_2757413767504278597_n.webp\" class=\"attachment-full size-full wp-image-276\" alt=\"\" srcset=\"https:\/\/moronaep.gob.ec\/wp-content\/uploads\/2025\/07\/484872678_1050498523791051_2757413767504278597_n.webp 2048w, https:\/\/moronaep.gob.ec\/wp-content\/uploads\/2025\/07\/484872678_1050498523791051_2757413767504278597_n-300x200.webp 300w, https:\/\/moronaep.gob.ec\/wp-content\/uploads\/2025\/07\/484872678_1050498523791051_2757413767504278597_n-1024x683.webp 1024w, https:\/\/moronaep.gob.ec\/wp-content\/uploads\/2025\/07\/484872678_1050498523791051_2757413767504278597_n-768x512.webp 768w, https:\/\/moronaep.gob.ec\/wp-content\/uploads\/2025\/07\/484872678_1050498523791051_2757413767504278597_n-1536x1025.webp 1536w\" sizes=\"(max-width: 2048px) 100vw, 2048px\" \/>\t\t\t\t\t\t\t\t\t\t\t\t\t\t\t<\/div>\n\t\t\t\t<div class=\"elementor-element elementor-element-575c7a2 elementor-widget elementor-widget-image\" data-id=\"575c7a2\" data-element_type=\"widget\" data-widget_type=\"image.default\">\n\t\t\t\t\t\t\t\t\t\t\t\t\t\t\t<img loading=\"lazy\" decoding=\"async\" width=\"2048\" height=\"1366\" src=\"https:\/\/moronaep.gob.ec\/wp-content\/uploads\/2025\/07\/483894959_1050498540457716_4722160283444707083_n.webp\" class=\"attachment-full size-full wp-image-275\" alt=\"\" srcset=\"https:\/\/moronaep.gob.ec\/wp-content\/uploads\/2025\/07\/483894959_1050498540457716_4722160283444707083_n.webp 2048w, https:\/\/moronaep.gob.ec\/wp-content\/uploads\/2025\/07\/483894959_1050498540457716_4722160283444707083_n-300x200.webp 300w, https:\/\/moronaep.gob.ec\/wp-content\/uploads\/2025\/07\/483894959_1050498540457716_4722160283444707083_n-1024x683.webp 1024w, https:\/\/moronaep.gob.ec\/wp-content\/uploads\/2025\/07\/483894959_1050498540457716_4722160283444707083_n-768x512.webp 768w, https:\/\/moronaep.gob.ec\/wp-content\/uploads\/2025\/07\/483894959_1050498540457716_4722160283444707083_n-1536x1025.webp 1536w\" sizes=\"(max-width: 2048px) 100vw, 2048px\" \/>\t\t\t\t\t\t\t\t\t\t\t\t\t\t\t<\/div>\n\t\t\t\t\t<\/div>\n\t\t\t\t<\/div>\n\t\t\t\t<div class=\"elementor-element elementor-element-bbe51ef elementor-widget elementor-widget-text-editor\" data-id=\"bbe51ef\" data-element_type=\"widget\" data-widget_type=\"text-editor.default\">\n\t\t\t\t\t\t\t\t\t<p><strong>Estado y Horarios:<\/strong><\/p><p>El estado de algunas v\u00edas puede variar, siendo importante consultar la informaci\u00f3n actualizada para rutas espec\u00edficas como la Macas \u2013 Lim\u00f3n o la Gualaquiza \u2013 Chiguinda, las cuales pueden tener horarios de apertura y cierre espec\u00edficos. Por ejemplo, la v\u00eda M\u00e9ndez \u2013 Tiwintza se encuentra habilitada las 24 horas.<\/p><p><strong>Importancia para la Econom\u00eda:<\/strong><\/p><p>La mejora de la infraestructura vial beneficia directamente a las comunidades locales, especialmente a aquellas dedicadas a actividades agropecuarias, facilitando el transporte de productos y el acceso a mercados.<\/p>\t\t\t\t\t\t\t\t<\/div>\n\t\t\t\t<div class=\"elementor-element elementor-element-0c1c833 elementor-widget elementor-widget-image\" data-id=\"0c1c833\" data-element_type=\"widget\" data-widget_type=\"image.default\">\n\t\t\t\t\t\t\t\t\t\t\t\t\t\t\t<img loading=\"lazy\" decoding=\"async\" width=\"650\" height=\"240\" src=\"https:\/\/moronaep.gob.ec\/wp-content\/uploads\/2025\/07\/Imagen12.jpg\" class=\"attachment-full size-full wp-image-581\" alt=\"\" srcset=\"https:\/\/moronaep.gob.ec\/wp-content\/uploads\/2025\/07\/Imagen12.jpg 650w, https:\/\/moronaep.gob.ec\/wp-content\/uploads\/2025\/07\/Imagen12-300x111.jpg 300w\" sizes=\"(max-width: 650px) 100vw, 650px\" \/>\t\t\t\t\t\t\t\t\t\t\t\t\t\t\t<\/div>\n\t\t\t\t\t<\/div>\n\t\t<\/div>\n\t\t\t\t\t<\/div>\n\t\t<\/section>\n\t\t\t\t<\/div>","protected":false},"excerpt":{"rendered":"<p>Inicio La vialidad en la provincia de Morona Santiago, en la Amazon\u00eda ecuatoriana, se caracteriza por la existencia de cuatro conexiones viales importantes que la unen con el resto del pa\u00eds: Riobamba-Macas, Gualaceo-Lim\u00f3n, Guarumales-M\u00e9ndez y Gualaquiza-Sigsig. El Ministerio de Transporte y Obras P\u00fablicas ha realizado inversiones significativas en la reconstrucci\u00f3n y mejora de estas v\u00edas, [&hellip;]<\/p>","protected":false},"author":1,"featured_media":83,"parent":0,"menu_order":0,"comment_status":"closed","ping_status":"closed","template":"elementor_header_footer","meta":{"footnotes":""},"class_list":["post-577","page","type-page","status-publish","has-post-thumbnail","hentry"],"yoast_head":"<!-- This site is optimized with the Yoast SEO Premium plugin v25.4 (Yoast SEO v25.4) - https:\/\/yoast.com\/wordpress\/plugins\/seo\/ -->\n<title>Empresa P\u00fablica Morona Construye su Desarrollo (Morona-EP)<\/title>\n<meta name=\"robots\" content=\"index, follow, max-snippet:-1, max-image-preview:large, max-video-preview:-1\" \/>\n<link rel=\"canonical\" href=\"https:\/\/moronaep.gob.ec\/en\/vialidad\/\" \/>\n<meta property=\"og:locale\" content=\"en_US\" \/>\n<meta property=\"og:type\" content=\"article\" \/>\n<meta property=\"og:title\" content=\"Vialidad\" \/>\n<meta property=\"og:description\" content=\"Inicio La vialidad en la provincia de Morona Santiago, en la Amazon\u00eda ecuatoriana, se caracteriza por la existencia de cuatro conexiones viales importantes que la unen con el resto del pa\u00eds: Riobamba-Macas, Gualaceo-Lim\u00f3n, Guarumales-M\u00e9ndez y Gualaquiza-Sigsig. El Ministerio de Transporte y Obras P\u00fablicas ha realizado inversiones significativas en la reconstrucci\u00f3n y mejora de estas v\u00edas, [&hellip;]\" \/>\n<meta property=\"og:url\" content=\"https:\/\/moronaep.gob.ec\/en\/vialidad\/\" \/>\n<meta property=\"og:site_name\" content=\"Empresa P\u00fablica Morona Construye su Desarrollo (Morona-EP)\" \/>\n<meta property=\"article:modified_time\" content=\"2025-07-06T02:09:26+00:00\" \/>\n<meta property=\"og:image\" content=\"https:\/\/moronaep.gob.ec\/wp-content\/uploads\/2025\/07\/LOGO-WEB-02.png\" \/>\n\t<meta property=\"og:image:width\" content=\"350\" \/>\n\t<meta property=\"og:image:height\" content=\"100\" \/>\n\t<meta property=\"og:image:type\" content=\"image\/png\" \/>\n<meta name=\"twitter:card\" content=\"summary_large_image\" \/>\n<meta name=\"twitter:label1\" content=\"Est. reading time\" \/>\n\t<meta name=\"twitter:data1\" content=\"2 minutes\" \/>\n<script type=\"application\/ld+json\" class=\"yoast-schema-graph\">{\"@context\":\"https:\/\/schema.org\",\"@graph\":[{\"@type\":\"WebPage\",\"@id\":\"https:\/\/moronaep.gob.ec\/vialidad\/\",\"url\":\"https:\/\/moronaep.gob.ec\/vialidad\/\",\"name\":\"Empresa P\u00fablica Morona Construye su Desarrollo (Morona-EP)\",\"isPartOf\":{\"@id\":\"https:\/\/moronaep.gob.ec\/#website\"},\"primaryImageOfPage\":{\"@id\":\"https:\/\/moronaep.gob.ec\/vialidad\/#primaryimage\"},\"image\":{\"@id\":\"https:\/\/moronaep.gob.ec\/vialidad\/#primaryimage\"},\"thumbnailUrl\":\"https:\/\/moronaep.gob.ec\/wp-content\/uploads\/2025\/07\/LOGO-WEB-02.png\",\"datePublished\":\"2025-07-06T02:05:25+00:00\",\"dateModified\":\"2025-07-06T02:09:26+00:00\",\"breadcrumb\":{\"@id\":\"https:\/\/moronaep.gob.ec\/vialidad\/#breadcrumb\"},\"inLanguage\":\"en-US\",\"potentialAction\":[{\"@type\":\"ReadAction\",\"target\":[\"https:\/\/moronaep.gob.ec\/vialidad\/\"]}]},{\"@type\":\"ImageObject\",\"inLanguage\":\"en-US\",\"@id\":\"https:\/\/moronaep.gob.ec\/vialidad\/#primaryimage\",\"url\":\"https:\/\/moronaep.gob.ec\/wp-content\/uploads\/2025\/07\/LOGO-WEB-02.png\",\"contentUrl\":\"https:\/\/moronaep.gob.ec\/wp-content\/uploads\/2025\/07\/LOGO-WEB-02.png\",\"width\":350,\"height\":100},{\"@type\":\"BreadcrumbList\",\"@id\":\"https:\/\/moronaep.gob.ec\/vialidad\/#breadcrumb\",\"itemListElement\":[{\"@type\":\"ListItem\",\"position\":1,\"name\":\"Portada\",\"item\":\"https:\/\/moronaep.gob.ec\/\"},{\"@type\":\"ListItem\",\"position\":2,\"name\":\"Vialidad\"}]},{\"@type\":\"WebSite\",\"@id\":\"https:\/\/moronaep.gob.ec\/#website\",\"url\":\"https:\/\/moronaep.gob.ec\/\",\"name\":\"Empresa P\u00fablica Morona Construye su Desarrollo (Morona-EP)\",\"description\":\"\",\"publisher\":{\"@id\":\"https:\/\/moronaep.gob.ec\/#organization\"},\"potentialAction\":[{\"@type\":\"SearchAction\",\"target\":{\"@type\":\"EntryPoint\",\"urlTemplate\":\"https:\/\/moronaep.gob.ec\/?s={search_term_string}\"},\"query-input\":{\"@type\":\"PropertyValueSpecification\",\"valueRequired\":true,\"valueName\":\"search_term_string\"}}],\"inLanguage\":\"en-US\"},{\"@type\":\"Organization\",\"@id\":\"https:\/\/moronaep.gob.ec\/#organization\",\"name\":\"Empresa P\u00fablica Morona Construye su Desarrollo (Morona-EP)\",\"url\":\"https:\/\/moronaep.gob.ec\/\",\"logo\":{\"@type\":\"ImageObject\",\"inLanguage\":\"en-US\",\"@id\":\"https:\/\/moronaep.gob.ec\/#\/schema\/logo\/image\/\",\"url\":\"https:\/\/moronaep.gob.ec\/wp-content\/uploads\/2025\/07\/cropped-LOGO-WEB-02.png\",\"contentUrl\":\"https:\/\/moronaep.gob.ec\/wp-content\/uploads\/2025\/07\/cropped-LOGO-WEB-02.png\",\"width\":350,\"height\":100,\"caption\":\"Empresa P\u00fablica Morona Construye su Desarrollo (Morona-EP)\"},\"image\":{\"@id\":\"https:\/\/moronaep.gob.ec\/#\/schema\/logo\/image\/\"}}]}<\/script>\n<!-- \/ Yoast SEO Premium plugin. -->","yoast_head_json":{"title":"Empresa P\u00fablica Morona Construye su Desarrollo (Morona-EP)","robots":{"index":"index","follow":"follow","max-snippet":"max-snippet:-1","max-image-preview":"max-image-preview:large","max-video-preview":"max-video-preview:-1"},"canonical":"https:\/\/moronaep.gob.ec\/en\/vialidad\/","og_locale":"en_US","og_type":"article","og_title":"Vialidad","og_description":"Inicio La vialidad en la provincia de Morona Santiago, en la Amazon\u00eda ecuatoriana, se caracteriza por la existencia de cuatro conexiones viales importantes que la unen con el resto del pa\u00eds: Riobamba-Macas, Gualaceo-Lim\u00f3n, Guarumales-M\u00e9ndez y Gualaquiza-Sigsig. El Ministerio de Transporte y Obras P\u00fablicas ha realizado inversiones significativas en la reconstrucci\u00f3n y mejora de estas v\u00edas, [&hellip;]","og_url":"https:\/\/moronaep.gob.ec\/en\/vialidad\/","og_site_name":"Empresa P\u00fablica Morona Construye su Desarrollo (Morona-EP)","article_modified_time":"2025-07-06T02:09:26+00:00","og_image":[{"width":350,"height":100,"url":"https:\/\/moronaep.gob.ec\/wp-content\/uploads\/2025\/07\/LOGO-WEB-02.png","type":"image\/png"}],"twitter_card":"summary_large_image","twitter_misc":{"Est. reading time":"2 minutes"},"schema":{"@context":"https:\/\/schema.org","@graph":[{"@type":"WebPage","@id":"https:\/\/moronaep.gob.ec\/vialidad\/","url":"https:\/\/moronaep.gob.ec\/vialidad\/","name":"Empresa P\u00fablica Morona Construye su Desarrollo (Morona-EP)","isPartOf":{"@id":"https:\/\/moronaep.gob.ec\/#website"},"primaryImageOfPage":{"@id":"https:\/\/moronaep.gob.ec\/vialidad\/#primaryimage"},"image":{"@id":"https:\/\/moronaep.gob.ec\/vialidad\/#primaryimage"},"thumbnailUrl":"https:\/\/moronaep.gob.ec\/wp-content\/uploads\/2025\/07\/LOGO-WEB-02.png","datePublished":"2025-07-06T02:05:25+00:00","dateModified":"2025-07-06T02:09:26+00:00","breadcrumb":{"@id":"https:\/\/moronaep.gob.ec\/vialidad\/#breadcrumb"},"inLanguage":"en-US","potentialAction":[{"@type":"ReadAction","target":["https:\/\/moronaep.gob.ec\/vialidad\/"]}]},{"@type":"ImageObject","inLanguage":"en-US","@id":"https:\/\/moronaep.gob.ec\/vialidad\/#primaryimage","url":"https:\/\/moronaep.gob.ec\/wp-content\/uploads\/2025\/07\/LOGO-WEB-02.png","contentUrl":"https:\/\/moronaep.gob.ec\/wp-content\/uploads\/2025\/07\/LOGO-WEB-02.png","width":350,"height":100},{"@type":"BreadcrumbList","@id":"https:\/\/moronaep.gob.ec\/vialidad\/#breadcrumb","itemListElement":[{"@type":"ListItem","position":1,"name":"Portada","item":"https:\/\/moronaep.gob.ec\/"},{"@type":"ListItem","position":2,"name":"Vialidad"}]},{"@type":"WebSite","@id":"https:\/\/moronaep.gob.ec\/#website","url":"https:\/\/moronaep.gob.ec\/","name":"Empresa P\u00fablica Morona Construye su Desarrollo (Morona-EP)","description":"","publisher":{"@id":"https:\/\/moronaep.gob.ec\/#organization"},"potentialAction":[{"@type":"SearchAction","target":{"@type":"EntryPoint","urlTemplate":"https:\/\/moronaep.gob.ec\/?s={search_term_string}"},"query-input":{"@type":"PropertyValueSpecification","valueRequired":true,"valueName":"search_term_string"}}],"inLanguage":"en-US"},{"@type":"Organization","@id":"https:\/\/moronaep.gob.ec\/#organization","name":"Empresa P\u00fablica Morona Construye su Desarrollo (Morona-EP)","url":"https:\/\/moronaep.gob.ec\/","logo":{"@type":"ImageObject","inLanguage":"en-US","@id":"https:\/\/moronaep.gob.ec\/#\/schema\/logo\/image\/","url":"https:\/\/moronaep.gob.ec\/wp-content\/uploads\/2025\/07\/cropped-LOGO-WEB-02.png","contentUrl":"https:\/\/moronaep.gob.ec\/wp-content\/uploads\/2025\/07\/cropped-LOGO-WEB-02.png","width":350,"height":100,"caption":"Empresa P\u00fablica Morona Construye su Desarrollo (Morona-EP)"},"image":{"@id":"https:\/\/moronaep.gob.ec\/#\/schema\/logo\/image\/"}}]}},"_links":{"self":[{"href":"https:\/\/moronaep.gob.ec\/en\/wp-json\/wp\/v2\/pages\/577","targetHints":{"allow":["GET"]}}],"collection":[{"href":"https:\/\/moronaep.gob.ec\/en\/wp-json\/wp\/v2\/pages"}],"about":[{"href":"https:\/\/moronaep.gob.ec\/en\/wp-json\/wp\/v2\/types\/page"}],"author":[{"embeddable":true,"href":"https:\/\/moronaep.gob.ec\/en\/wp-json\/wp\/v2\/users\/1"}],"replies":[{"embeddable":true,"href":"https:\/\/moronaep.gob.ec\/en\/wp-json\/wp\/v2\/comments?post=577"}],"version-history":[{"count":4,"href":"https:\/\/moronaep.gob.ec\/en\/wp-json\/wp\/v2\/pages\/577\/revisions"}],"predecessor-version":[{"id":584,"href":"https:\/\/moronaep.gob.ec\/en\/wp-json\/wp\/v2\/pages\/577\/revisions\/584"}],"wp:featuredmedia":[{"embeddable":true,"href":"https:\/\/moronaep.gob.ec\/en\/wp-json\/wp\/v2\/media\/83"}],"wp:attachment":[{"href":"https:\/\/moronaep.gob.ec\/en\/wp-json\/wp\/v2\/media?parent=577"}],"curies":[{"name":"wp","href":"https:\/\/api.w.org\/{rel}","templated":true}]}}