{"id":598,"date":"2025-07-06T02:20:11","date_gmt":"2025-07-06T02:20:11","guid":{"rendered":"https:\/\/moronaep.gob.ec\/?page_id=598"},"modified":"2025-07-06T02:22:18","modified_gmt":"2025-07-06T02:22:18","slug":"equipamiento-urbano","status":"publish","type":"page","link":"https:\/\/moronaep.gob.ec\/en\/equipamiento-urbano\/","title":{"rendered":"Urban equipment"},"content":{"rendered":"<div data-elementor-type=\"wp-page\" data-elementor-id=\"598\" class=\"elementor elementor-598\" data-elementor-post-type=\"page\">\n\t\t\t\t\t\t<section class=\"elementor-section elementor-top-section elementor-element elementor-element-3bc58d3 elementor-section-boxed elementor-section-height-default elementor-section-height-default\" data-id=\"3bc58d3\" data-element_type=\"section\" data-settings=\"{&quot;background_background&quot;:&quot;classic&quot;}\">\n\t\t\t\t\t\t\t<div class=\"elementor-background-overlay\"><\/div>\n\t\t\t\t\t\t\t<div class=\"elementor-container elementor-column-gap-default\">\n\t\t\t\t\t<div class=\"elementor-column elementor-col-50 elementor-top-column elementor-element elementor-element-07b9574\" data-id=\"07b9574\" data-element_type=\"column\">\n\t\t\t<div class=\"elementor-widget-wrap elementor-element-populated\">\n\t\t\t\t\t\t\t<\/div>\n\t\t<\/div>\n\t\t\t\t<div class=\"elementor-column elementor-col-50 elementor-top-column elementor-element elementor-element-e3b71b5\" data-id=\"e3b71b5\" data-element_type=\"column\">\n\t\t\t<div class=\"elementor-widget-wrap elementor-element-populated\">\n\t\t\t\t\t\t<div class=\"elementor-element elementor-element-1025745 elementor-icon-list--layout-inline elementor-widget__width-auto elementor-list-item-link-full_width elementor-widget elementor-widget-icon-list\" data-id=\"1025745\" data-element_type=\"widget\" data-settings=\"{&quot;_animation&quot;:&quot;none&quot;}\" data-widget_type=\"icon-list.default\">\n\t\t\t\t\t\t\t<ul class=\"elementor-icon-list-items elementor-inline-items\">\n\t\t\t\t\t\t\t<li class=\"elementor-icon-list-item elementor-inline-item\">\n\t\t\t\t\t\t\t\t\t\t\t<a href=\"https:\/\/moronaep.gob.ec\/en\/\">\n\n\t\t\t\t\t\t\t\t\t\t\t<span class=\"elementor-icon-list-text\">Home<\/span>\n\t\t\t\t\t\t\t\t\t\t\t<\/a>\n\t\t\t\t\t\t\t\t\t<\/li>\n\t\t\t\t\t\t<\/ul>\n\t\t\t\t\t\t<\/div>\n\t\t\t\t\t<\/div>\n\t\t<\/div>\n\t\t\t\t\t<\/div>\n\t\t<\/section>\n\t\t\t\t<section class=\"elementor-section elementor-top-section elementor-element elementor-element-23ae1aeb elementor-reverse-mobile elementor-section-boxed elementor-section-height-default elementor-section-height-default\" data-id=\"23ae1aeb\" data-element_type=\"section\" data-settings=\"{&quot;background_background&quot;:&quot;classic&quot;}\">\n\t\t\t\t\t\t<div class=\"elementor-container elementor-column-gap-default\">\n\t\t\t\t\t<div class=\"elementor-column elementor-col-100 elementor-top-column elementor-element elementor-element-6f7a012b elementor-invisible\" data-id=\"6f7a012b\" data-element_type=\"column\" data-settings=\"{&quot;background_background&quot;:&quot;classic&quot;,&quot;animation&quot;:&quot;fadeInUp&quot;}\">\n\t\t\t<div class=\"elementor-widget-wrap elementor-element-populated\">\n\t\t\t\t\t\t<div class=\"elementor-element elementor-element-6956df22 elementor-widget elementor-widget-text-editor\" data-id=\"6956df22\" data-element_type=\"widget\" data-widget_type=\"text-editor.default\">\n\t\t\t\t\t\t\t\t\t<p>Urban amenities in Morona, referring to the Morona Canton in the province of Morona Santiago, Ecuador, refer to the physical and functional elements that comprise the infrastructure of services and spaces for the population. This includes the structure of buildings (columns, beams, roofs), finishes (floors, cladding, doors, windows), installations (sanitary, electrical), and other investments such as saunas, elevators, swimming pools, and sports facilities, as well as public and private urban services such as healthcare, education, culture, commerce, and communications.<\/p>\t\t\t\t\t\t\t\t<\/div>\n\t\t<div class=\"elementor-element elementor-element-8f28956 e-grid e-con-boxed e-con e-parent\" data-id=\"8f28956\" data-element_type=\"container\">\n\t\t\t\t\t<div class=\"e-con-inner\">\n\t\t\t\t<div class=\"elementor-element elementor-element-cc04eaf elementor-widget elementor-widget-image\" data-id=\"cc04eaf\" data-element_type=\"widget\" data-widget_type=\"image.default\">\n\t\t\t\t\t\t\t\t\t\t\t\t\t\t\t<img fetchpriority=\"high\" decoding=\"async\" width=\"322\" height=\"228\" src=\"https:\/\/moronaep.gob.ec\/wp-content\/uploads\/2025\/07\/Imagen21.png\" class=\"attachment-full size-full wp-image-601\" alt=\"\" srcset=\"https:\/\/moronaep.gob.ec\/wp-content\/uploads\/2025\/07\/Imagen21.png 322w, https:\/\/moronaep.gob.ec\/wp-content\/uploads\/2025\/07\/Imagen21-300x212.png 300w\" sizes=\"(max-width: 322px) 100vw, 322px\" \/>\t\t\t\t\t\t\t\t\t\t\t\t\t\t\t<\/div>\n\t\t\t\t<div class=\"elementor-element elementor-element-575c7a2 elementor-widget elementor-widget-image\" data-id=\"575c7a2\" data-element_type=\"widget\" data-widget_type=\"image.default\">\n\t\t\t\t\t\t\t\t\t\t\t\t\t\t\t<img decoding=\"async\" width=\"726\" height=\"520\" src=\"https:\/\/moronaep.gob.ec\/wp-content\/uploads\/2025\/07\/Imagen22.png\" class=\"attachment-full size-full wp-image-600\" alt=\"\" srcset=\"https:\/\/moronaep.gob.ec\/wp-content\/uploads\/2025\/07\/Imagen22.png 726w, https:\/\/moronaep.gob.ec\/wp-content\/uploads\/2025\/07\/Imagen22-300x215.png 300w\" sizes=\"(max-width: 726px) 100vw, 726px\" \/>\t\t\t\t\t\t\t\t\t\t\t\t\t\t\t<\/div>\n\t\t\t\t\t<\/div>\n\t\t\t\t<\/div>\n\t\t\t\t<div class=\"elementor-element elementor-element-c792762 elementor-widget elementor-widget-text-editor\" data-id=\"c792762\" data-element_type=\"widget\" data-widget_type=\"text-editor.default\">\n\t\t\t\t\t\t\t\t\t<p><strong>Details on urban facilities in Morona:<\/strong><\/p><p><strong>Land Cadastre and Valuation:<\/strong><\/p><p>The Morona Canton Municipal Government, through its ordinances, considers urban facilities in the structure of buildings and their appraisal, establishing components that determine the cost of buildings and the value of the land.<\/p><p><strong>General Definition of Urban Equipment:<\/strong><\/p><p>It is understood as the set of properties, facilities, buildings, and furnishings used to provide public or private services to the population, covering areas such as health, recreation, sports, education, culture, communications, commerce, and more.<\/p><p><strong>Ubicaci\u00f3n y Poblaci\u00f3n:<\/strong><\/p><p>Morona Canton, part of Morona Santiago Province, has one urban parish (Macas) and several rural parishes, housing a significant number of inhabitants. The province itself is located in the Ecuadorian Amazon.<\/p>\t\t\t\t\t\t\t\t<\/div>\n\t\t\t\t<div class=\"elementor-element elementor-element-528a7bf elementor-widget elementor-widget-image\" data-id=\"528a7bf\" data-element_type=\"widget\" data-widget_type=\"image.default\">\n\t\t\t\t\t\t\t\t\t\t\t\t\t\t\t<img decoding=\"async\" width=\"650\" height=\"224\" src=\"https:\/\/moronaep.gob.ec\/wp-content\/uploads\/2025\/07\/Imagen23.jpg\" class=\"attachment-full size-full wp-image-602\" alt=\"\" srcset=\"https:\/\/moronaep.gob.ec\/wp-content\/uploads\/2025\/07\/Imagen23.jpg 650w, https:\/\/moronaep.gob.ec\/wp-content\/uploads\/2025\/07\/Imagen23-300x103.jpg 300w\" sizes=\"(max-width: 650px) 100vw, 650px\" \/>\t\t\t\t\t\t\t\t\t\t\t\t\t\t\t<\/div>\n\t\t\t\t\t<\/div>\n\t\t<\/div>\n\t\t\t\t\t<\/div>\n\t\t<\/section>\n\t\t\t\t<\/div>","protected":false},"excerpt":{"rendered":"<p>Inicio El equipamiento urbano en Morona, refiri\u00e9ndose al Cant\u00f3n Morona de la provincia de Morona Santiago en Ecuador, se refiere a los elementos f\u00edsicos y funcionales que componen la infraestructura de servicios y espacios para la poblaci\u00f3n. Esto incluye desde la estructura de las edificaciones (columnas, vigas, cubiertas), acabados (pisos, revestimientos, puertas, ventanas), instalaciones (sanitarias, [&hellip;]<\/p>","protected":false},"author":1,"featured_media":83,"parent":0,"menu_order":0,"comment_status":"closed","ping_status":"closed","template":"elementor_header_footer","meta":{"footnotes":""},"class_list":["post-598","page","type-page","status-publish","has-post-thumbnail","hentry"],"yoast_head":"<!-- This site is optimized with the Yoast SEO Premium plugin v25.4 (Yoast SEO v25.4) - https:\/\/yoast.com\/wordpress\/plugins\/seo\/ -->\n<title>Empresa P\u00fablica Morona Construye su Desarrollo (Morona-EP)<\/title>\n<meta name=\"robots\" content=\"index, follow, max-snippet:-1, max-image-preview:large, max-video-preview:-1\" \/>\n<link rel=\"canonical\" href=\"https:\/\/moronaep.gob.ec\/en\/equipamiento-urbano\/\" \/>\n<meta property=\"og:locale\" content=\"en_US\" \/>\n<meta property=\"og:type\" content=\"article\" \/>\n<meta property=\"og:title\" content=\"Equipamiento urbano\" \/>\n<meta property=\"og:description\" content=\"Inicio El equipamiento urbano en Morona, refiri\u00e9ndose al Cant\u00f3n Morona de la provincia de Morona Santiago en Ecuador, se refiere a los elementos f\u00edsicos y funcionales que componen la infraestructura de servicios y espacios para la poblaci\u00f3n. Esto incluye desde la estructura de las edificaciones (columnas, vigas, cubiertas), acabados (pisos, revestimientos, puertas, ventanas), instalaciones (sanitarias, [&hellip;]\" \/>\n<meta property=\"og:url\" content=\"https:\/\/moronaep.gob.ec\/en\/equipamiento-urbano\/\" \/>\n<meta property=\"og:site_name\" content=\"Empresa P\u00fablica Morona Construye su Desarrollo (Morona-EP)\" \/>\n<meta property=\"article:modified_time\" content=\"2025-07-06T02:22:18+00:00\" \/>\n<meta property=\"og:image\" content=\"https:\/\/moronaep.gob.ec\/wp-content\/uploads\/2025\/07\/LOGO-WEB-02.png\" \/>\n\t<meta property=\"og:image:width\" content=\"350\" \/>\n\t<meta property=\"og:image:height\" content=\"100\" \/>\n\t<meta property=\"og:image:type\" content=\"image\/png\" \/>\n<meta name=\"twitter:card\" content=\"summary_large_image\" \/>\n<meta name=\"twitter:label1\" content=\"Est. reading time\" \/>\n\t<meta name=\"twitter:data1\" content=\"1 minute\" \/>\n<script type=\"application\/ld+json\" class=\"yoast-schema-graph\">{\"@context\":\"https:\/\/schema.org\",\"@graph\":[{\"@type\":\"WebPage\",\"@id\":\"https:\/\/moronaep.gob.ec\/equipamiento-urbano\/\",\"url\":\"https:\/\/moronaep.gob.ec\/equipamiento-urbano\/\",\"name\":\"Empresa P\u00fablica Morona Construye su Desarrollo (Morona-EP)\",\"isPartOf\":{\"@id\":\"https:\/\/moronaep.gob.ec\/#website\"},\"primaryImageOfPage\":{\"@id\":\"https:\/\/moronaep.gob.ec\/equipamiento-urbano\/#primaryimage\"},\"image\":{\"@id\":\"https:\/\/moronaep.gob.ec\/equipamiento-urbano\/#primaryimage\"},\"thumbnailUrl\":\"https:\/\/moronaep.gob.ec\/wp-content\/uploads\/2025\/07\/LOGO-WEB-02.png\",\"datePublished\":\"2025-07-06T02:20:11+00:00\",\"dateModified\":\"2025-07-06T02:22:18+00:00\",\"breadcrumb\":{\"@id\":\"https:\/\/moronaep.gob.ec\/equipamiento-urbano\/#breadcrumb\"},\"inLanguage\":\"en-US\",\"potentialAction\":[{\"@type\":\"ReadAction\",\"target\":[\"https:\/\/moronaep.gob.ec\/equipamiento-urbano\/\"]}]},{\"@type\":\"ImageObject\",\"inLanguage\":\"en-US\",\"@id\":\"https:\/\/moronaep.gob.ec\/equipamiento-urbano\/#primaryimage\",\"url\":\"https:\/\/moronaep.gob.ec\/wp-content\/uploads\/2025\/07\/LOGO-WEB-02.png\",\"contentUrl\":\"https:\/\/moronaep.gob.ec\/wp-content\/uploads\/2025\/07\/LOGO-WEB-02.png\",\"width\":350,\"height\":100},{\"@type\":\"BreadcrumbList\",\"@id\":\"https:\/\/moronaep.gob.ec\/equipamiento-urbano\/#breadcrumb\",\"itemListElement\":[{\"@type\":\"ListItem\",\"position\":1,\"name\":\"Portada\",\"item\":\"https:\/\/moronaep.gob.ec\/\"},{\"@type\":\"ListItem\",\"position\":2,\"name\":\"Equipamiento urbano\"}]},{\"@type\":\"WebSite\",\"@id\":\"https:\/\/moronaep.gob.ec\/#website\",\"url\":\"https:\/\/moronaep.gob.ec\/\",\"name\":\"Empresa P\u00fablica Morona Construye su Desarrollo (Morona-EP)\",\"description\":\"\",\"publisher\":{\"@id\":\"https:\/\/moronaep.gob.ec\/#organization\"},\"potentialAction\":[{\"@type\":\"SearchAction\",\"target\":{\"@type\":\"EntryPoint\",\"urlTemplate\":\"https:\/\/moronaep.gob.ec\/?s={search_term_string}\"},\"query-input\":{\"@type\":\"PropertyValueSpecification\",\"valueRequired\":true,\"valueName\":\"search_term_string\"}}],\"inLanguage\":\"en-US\"},{\"@type\":\"Organization\",\"@id\":\"https:\/\/moronaep.gob.ec\/#organization\",\"name\":\"Empresa P\u00fablica Morona Construye su Desarrollo (Morona-EP)\",\"url\":\"https:\/\/moronaep.gob.ec\/\",\"logo\":{\"@type\":\"ImageObject\",\"inLanguage\":\"en-US\",\"@id\":\"https:\/\/moronaep.gob.ec\/#\/schema\/logo\/image\/\",\"url\":\"https:\/\/moronaep.gob.ec\/wp-content\/uploads\/2025\/07\/cropped-LOGO-WEB-02.png\",\"contentUrl\":\"https:\/\/moronaep.gob.ec\/wp-content\/uploads\/2025\/07\/cropped-LOGO-WEB-02.png\",\"width\":350,\"height\":100,\"caption\":\"Empresa P\u00fablica Morona Construye su Desarrollo (Morona-EP)\"},\"image\":{\"@id\":\"https:\/\/moronaep.gob.ec\/#\/schema\/logo\/image\/\"}}]}<\/script>\n<!-- \/ Yoast SEO Premium plugin. -->","yoast_head_json":{"title":"Empresa P\u00fablica Morona Construye su Desarrollo (Morona-EP)","robots":{"index":"index","follow":"follow","max-snippet":"max-snippet:-1","max-image-preview":"max-image-preview:large","max-video-preview":"max-video-preview:-1"},"canonical":"https:\/\/moronaep.gob.ec\/en\/equipamiento-urbano\/","og_locale":"en_US","og_type":"article","og_title":"Equipamiento urbano","og_description":"Inicio El equipamiento urbano en Morona, refiri\u00e9ndose al Cant\u00f3n Morona de la provincia de Morona Santiago en Ecuador, se refiere a los elementos f\u00edsicos y funcionales que componen la infraestructura de servicios y espacios para la poblaci\u00f3n. Esto incluye desde la estructura de las edificaciones (columnas, vigas, cubiertas), acabados (pisos, revestimientos, puertas, ventanas), instalaciones (sanitarias, [&hellip;]","og_url":"https:\/\/moronaep.gob.ec\/en\/equipamiento-urbano\/","og_site_name":"Empresa P\u00fablica Morona Construye su Desarrollo (Morona-EP)","article_modified_time":"2025-07-06T02:22:18+00:00","og_image":[{"width":350,"height":100,"url":"https:\/\/moronaep.gob.ec\/wp-content\/uploads\/2025\/07\/LOGO-WEB-02.png","type":"image\/png"}],"twitter_card":"summary_large_image","twitter_misc":{"Est. reading time":"1 minute"},"schema":{"@context":"https:\/\/schema.org","@graph":[{"@type":"WebPage","@id":"https:\/\/moronaep.gob.ec\/equipamiento-urbano\/","url":"https:\/\/moronaep.gob.ec\/equipamiento-urbano\/","name":"Empresa P\u00fablica Morona Construye su Desarrollo (Morona-EP)","isPartOf":{"@id":"https:\/\/moronaep.gob.ec\/#website"},"primaryImageOfPage":{"@id":"https:\/\/moronaep.gob.ec\/equipamiento-urbano\/#primaryimage"},"image":{"@id":"https:\/\/moronaep.gob.ec\/equipamiento-urbano\/#primaryimage"},"thumbnailUrl":"https:\/\/moronaep.gob.ec\/wp-content\/uploads\/2025\/07\/LOGO-WEB-02.png","datePublished":"2025-07-06T02:20:11+00:00","dateModified":"2025-07-06T02:22:18+00:00","breadcrumb":{"@id":"https:\/\/moronaep.gob.ec\/equipamiento-urbano\/#breadcrumb"},"inLanguage":"en-US","potentialAction":[{"@type":"ReadAction","target":["https:\/\/moronaep.gob.ec\/equipamiento-urbano\/"]}]},{"@type":"ImageObject","inLanguage":"en-US","@id":"https:\/\/moronaep.gob.ec\/equipamiento-urbano\/#primaryimage","url":"https:\/\/moronaep.gob.ec\/wp-content\/uploads\/2025\/07\/LOGO-WEB-02.png","contentUrl":"https:\/\/moronaep.gob.ec\/wp-content\/uploads\/2025\/07\/LOGO-WEB-02.png","width":350,"height":100},{"@type":"BreadcrumbList","@id":"https:\/\/moronaep.gob.ec\/equipamiento-urbano\/#breadcrumb","itemListElement":[{"@type":"ListItem","position":1,"name":"Portada","item":"https:\/\/moronaep.gob.ec\/"},{"@type":"ListItem","position":2,"name":"Equipamiento urbano"}]},{"@type":"WebSite","@id":"https:\/\/moronaep.gob.ec\/#website","url":"https:\/\/moronaep.gob.ec\/","name":"Empresa P\u00fablica Morona Construye su Desarrollo (Morona-EP)","description":"","publisher":{"@id":"https:\/\/moronaep.gob.ec\/#organization"},"potentialAction":[{"@type":"SearchAction","target":{"@type":"EntryPoint","urlTemplate":"https:\/\/moronaep.gob.ec\/?s={search_term_string}"},"query-input":{"@type":"PropertyValueSpecification","valueRequired":true,"valueName":"search_term_string"}}],"inLanguage":"en-US"},{"@type":"Organization","@id":"https:\/\/moronaep.gob.ec\/#organization","name":"Empresa P\u00fablica Morona Construye su Desarrollo (Morona-EP)","url":"https:\/\/moronaep.gob.ec\/","logo":{"@type":"ImageObject","inLanguage":"en-US","@id":"https:\/\/moronaep.gob.ec\/#\/schema\/logo\/image\/","url":"https:\/\/moronaep.gob.ec\/wp-content\/uploads\/2025\/07\/cropped-LOGO-WEB-02.png","contentUrl":"https:\/\/moronaep.gob.ec\/wp-content\/uploads\/2025\/07\/cropped-LOGO-WEB-02.png","width":350,"height":100,"caption":"Empresa P\u00fablica Morona Construye su Desarrollo (Morona-EP)"},"image":{"@id":"https:\/\/moronaep.gob.ec\/#\/schema\/logo\/image\/"}}]}},"_links":{"self":[{"href":"https:\/\/moronaep.gob.ec\/en\/wp-json\/wp\/v2\/pages\/598","targetHints":{"allow":["GET"]}}],"collection":[{"href":"https:\/\/moronaep.gob.ec\/en\/wp-json\/wp\/v2\/pages"}],"about":[{"href":"https:\/\/moronaep.gob.ec\/en\/wp-json\/wp\/v2\/types\/page"}],"author":[{"embeddable":true,"href":"https:\/\/moronaep.gob.ec\/en\/wp-json\/wp\/v2\/users\/1"}],"replies":[{"embeddable":true,"href":"https:\/\/moronaep.gob.ec\/en\/wp-json\/wp\/v2\/comments?post=598"}],"version-history":[{"count":4,"href":"https:\/\/moronaep.gob.ec\/en\/wp-json\/wp\/v2\/pages\/598\/revisions"}],"predecessor-version":[{"id":605,"href":"https:\/\/moronaep.gob.ec\/en\/wp-json\/wp\/v2\/pages\/598\/revisions\/605"}],"wp:featuredmedia":[{"embeddable":true,"href":"https:\/\/moronaep.gob.ec\/en\/wp-json\/wp\/v2\/media\/83"}],"wp:attachment":[{"href":"https:\/\/moronaep.gob.ec\/en\/wp-json\/wp\/v2\/media?parent=598"}],"curies":[{"name":"wp","href":"https:\/\/api.w.org\/{rel}","templated":true}]}}