{"id":720,"date":"2025-07-06T04:33:22","date_gmt":"2025-07-06T04:33:22","guid":{"rendered":"https:\/\/moronaep.gob.ec\/?page_id=720"},"modified":"2025-07-15T20:21:43","modified_gmt":"2025-07-15T20:21:43","slug":"rendicion-cuentas","status":"publish","type":"page","link":"https:\/\/moronaep.gob.ec\/en\/rendicion-cuentas\/","title":{"rendered":"R. of Accounts"},"content":{"rendered":"<div data-elementor-type=\"wp-page\" data-elementor-id=\"720\" class=\"elementor elementor-720\" data-elementor-post-type=\"page\">\n\t\t\t\t\t\t<section class=\"elementor-section elementor-top-section elementor-element elementor-element-3bc58d3 elementor-section-boxed elementor-section-height-default elementor-section-height-default\" data-id=\"3bc58d3\" data-element_type=\"section\" data-settings=\"{&quot;background_background&quot;:&quot;classic&quot;}\">\n\t\t\t\t\t\t\t<div class=\"elementor-background-overlay\"><\/div>\n\t\t\t\t\t\t\t<div class=\"elementor-container elementor-column-gap-default\">\n\t\t\t\t\t<div class=\"elementor-column elementor-col-50 elementor-top-column elementor-element elementor-element-07b9574\" data-id=\"07b9574\" data-element_type=\"column\">\n\t\t\t<div class=\"elementor-widget-wrap elementor-element-populated\">\n\t\t\t\t\t\t\t<\/div>\n\t\t<\/div>\n\t\t\t\t<div class=\"elementor-column elementor-col-50 elementor-top-column elementor-element elementor-element-e3b71b5\" data-id=\"e3b71b5\" data-element_type=\"column\">\n\t\t\t<div class=\"elementor-widget-wrap elementor-element-populated\">\n\t\t\t\t\t\t<div class=\"elementor-element elementor-element-1025745 elementor-icon-list--layout-inline elementor-widget__width-auto elementor-list-item-link-full_width elementor-widget elementor-widget-icon-list\" data-id=\"1025745\" data-element_type=\"widget\" data-settings=\"{&quot;_animation&quot;:&quot;none&quot;}\" data-widget_type=\"icon-list.default\">\n\t\t\t\t\t\t\t<ul class=\"elementor-icon-list-items elementor-inline-items\">\n\t\t\t\t\t\t\t<li class=\"elementor-icon-list-item elementor-inline-item\">\n\t\t\t\t\t\t\t\t\t\t\t<a href=\"https:\/\/moronaep.gob.ec\/en\/\">\n\n\t\t\t\t\t\t\t\t\t\t\t<span class=\"elementor-icon-list-text\">Home<\/span>\n\t\t\t\t\t\t\t\t\t\t\t<\/a>\n\t\t\t\t\t\t\t\t\t<\/li>\n\t\t\t\t\t\t<\/ul>\n\t\t\t\t\t\t<\/div>\n\t\t\t\t\t<\/div>\n\t\t<\/div>\n\t\t\t\t\t<\/div>\n\t\t<\/section>\n\t\t\t\t<section class=\"elementor-section elementor-top-section elementor-element elementor-element-23ae1aeb elementor-reverse-mobile elementor-section-boxed elementor-section-height-default elementor-section-height-default\" data-id=\"23ae1aeb\" data-element_type=\"section\" data-settings=\"{&quot;background_background&quot;:&quot;classic&quot;}\">\n\t\t\t\t\t\t<div class=\"elementor-container elementor-column-gap-default\">\n\t\t\t\t\t<div class=\"elementor-column elementor-col-100 elementor-top-column elementor-element elementor-element-6f7a012b elementor-invisible\" data-id=\"6f7a012b\" data-element_type=\"column\" data-settings=\"{&quot;background_background&quot;:&quot;classic&quot;,&quot;animation&quot;:&quot;fadeInUp&quot;}\">\n\t\t\t<div class=\"elementor-widget-wrap elementor-element-populated\">\n\t\t\t\t\t\t<div class=\"elementor-element elementor-element-6956df22 elementor-widget elementor-widget-text-editor\" data-id=\"6956df22\" data-element_type=\"widget\" data-widget_type=\"text-editor.default\">\n\t\t\t\t\t\t\t\t\t<p>La rendici\u00f3n de cuentas es un proceso mediante el cual quienes toman decisiones sobre la gesti\u00f3n de lo p\u00fablico, cumplen su deber y responsabilidad de explicar, dar a conocer o responder a la ciudadan\u00eda sobre el manejo de lo p\u00fablico y sus resultados logrados:\u00a0La ciudadan\u00eda eval\u00faa dicha gesti\u00f3n.<\/p>\t\t\t\t\t\t\t\t<\/div>\n\t\t\t\t<div class=\"elementor-element elementor-element-4f5dfb1 elementor-widget elementor-widget-heading\" data-id=\"4f5dfb1\" data-element_type=\"widget\" data-widget_type=\"heading.default\">\n\t\t\t\t\t<h2 class=\"elementor-heading-title elementor-size-default\">Select the year you wish to consult<\/h2>\t\t\t\t<\/div>\n\t\t\t\t<div class=\"elementor-element elementor-element-3ae34e5 e-n-tabs-mobile elementor-widget elementor-widget-n-tabs\" data-id=\"3ae34e5\" data-element_type=\"widget\" data-widget_type=\"nested-tabs.default\">\n\t\t\t\t\t\t\t<div class=\"e-n-tabs\" data-widget-number=\"61748453\" aria-label=\"Tabs. Open items with Enter or Space, close with Escape and navigate using the Arrow keys.\" data-no-translation-aria-label=\"\">\n\t\t\t<div class=\"e-n-tabs-heading\" role=\"tablist\">\n\t\t\t\t\t<button id=\"e-n-tab-title-617484531\" class=\"e-n-tab-title\" aria-selected=\"true\" data-tab-index=\"1\" role=\"tab\" tabindex=\"0\" aria-controls=\"e-n-tab-content-617484531\" style=\"--n-tabs-title-order: 1;\">\n\t\t\t\t\t\t<span class=\"e-n-tab-title-text\">\n\t\t\t\tA\u00d1O 2024\t\t\t<\/span>\n\t\t<\/button>\n\t\t\t\t<button id=\"e-n-tab-title-617484532\" class=\"e-n-tab-title\" aria-selected=\"false\" data-tab-index=\"2\" role=\"tab\" tabindex=\"-1\" aria-controls=\"e-n-tab-content-617484532\" style=\"--n-tabs-title-order: 2;\">\n\t\t\t\t\t\t<span class=\"e-n-tab-title-text\">\n\t\t\t\tA\u00d1O 2023\t\t\t<\/span>\n\t\t<\/button>\n\t\t\t\t\t<\/div>\n\t\t\t<div class=\"e-n-tabs-content\">\n\t\t\t\t<div id=\"e-n-tab-content-617484531\" role=\"tabpanel\" aria-labelledby=\"e-n-tab-title-617484531\" data-tab-index=\"1\" style=\"--n-tabs-title-order: 1;\" class=\"e-active elementor-element elementor-element-d77d1ef e-con-full e-flex e-con e-child\" data-id=\"d77d1ef\" data-element_type=\"container\">\n\t\t<div class=\"elementor-element elementor-element-f27b899 e-flex e-con-boxed e-con e-child\" data-id=\"f27b899\" data-element_type=\"container\">\n\t\t\t\t\t<div class=\"e-con-inner\">\n\t\t\t\t<div class=\"elementor-element elementor-element-6257d48 elementor-widget elementor-widget-text-editor\" data-id=\"6257d48\" data-element_type=\"widget\" data-widget_type=\"text-editor.default\">\n\t\t\t\t\t\t\t\t\t<p>\u00a0\u00a0<\/p>\t\t\t\t\t\t\t\t<\/div>\n\t\t\t\t\t<\/div>\n\t\t\t\t<\/div>\n\t\t\t\t<\/div>\n\t\t<div id=\"e-n-tab-content-617484532\" role=\"tabpanel\" aria-labelledby=\"e-n-tab-title-617484532\" data-tab-index=\"2\" style=\"--n-tabs-title-order: 2;\" class=\"elementor-element elementor-element-a5c926f e-con-full e-flex e-con e-child\" data-id=\"a5c926f\" data-element_type=\"container\">\n\t\t<div class=\"elementor-element elementor-element-6f0c989 e-flex e-con-boxed e-con e-child\" data-id=\"6f0c989\" data-element_type=\"container\">\n\t\t\t\t\t<div class=\"e-con-inner\">\n\t\t\t\t<div class=\"elementor-element elementor-element-8e0b708 elementor-widget elementor-widget-text-editor\" data-id=\"8e0b708\" data-element_type=\"widget\" data-widget_type=\"text-editor.default\">\n\t\t\t\t\t\t\t\t\t<table style=\"height: 189px;\" width=\"425\"><tbody><tr><td width=\"170\">Suba aqu\u00ed la informacion<\/td><\/tr><tr><td width=\"170\">Suba aqu\u00ed la informacion<\/td><\/tr><tr><td width=\"170\">Suba aqu\u00ed la informacion<\/td><\/tr><tr><td width=\"170\">Suba aqu\u00ed la informacion<\/td><\/tr><tr><td width=\"170\">Suba aqu\u00ed la informacion<\/td><\/tr><tr><td width=\"170\">Suba aqu\u00ed la informacion<\/td><\/tr><\/tbody><\/table>\t\t\t\t\t\t\t\t<\/div>\n\t\t\t\t\t<\/div>\n\t\t\t\t<\/div>\n\t\t\t\t<\/div>\n\t\t\t\t\t<\/div>\n\t\t<\/div>\n\t\t\t\t\t\t<\/div>\n\t\t\t\t\t<\/div>\n\t\t<\/div>\n\t\t\t\t\t<\/div>\n\t\t<\/section>\n\t\t\t\t<\/div>","protected":false},"excerpt":{"rendered":"<p>Inicio La rendici\u00f3n de cuentas es un proceso mediante el cual quienes toman decisiones sobre la gesti\u00f3n de lo p\u00fablico, cumplen su deber y responsabilidad de explicar, dar a conocer o responder a la ciudadan\u00eda sobre el manejo de lo p\u00fablico y sus resultados logrados:\u00a0La ciudadan\u00eda eval\u00faa dicha gesti\u00f3n. Seleccione el a\u00f1o que desee consultar [&hellip;]<\/p>","protected":false},"author":1,"featured_media":83,"parent":0,"menu_order":0,"comment_status":"closed","ping_status":"closed","template":"elementor_header_footer","meta":{"footnotes":""},"class_list":["post-720","page","type-page","status-publish","has-post-thumbnail","hentry"],"yoast_head":"<!-- This site is optimized with the Yoast SEO Premium plugin v25.4 (Yoast SEO v25.4) - https:\/\/yoast.com\/wordpress\/plugins\/seo\/ -->\n<title>Empresa P\u00fablica Morona Construye su Desarrollo (Morona-EP)<\/title>\n<meta name=\"robots\" content=\"index, follow, max-snippet:-1, max-image-preview:large, max-video-preview:-1\" \/>\n<link rel=\"canonical\" href=\"https:\/\/moronaep.gob.ec\/en\/rendicion-cuentas\/\" \/>\n<meta property=\"og:locale\" content=\"en_US\" \/>\n<meta property=\"og:type\" content=\"article\" \/>\n<meta property=\"og:title\" content=\"R. de Cuentas\" \/>\n<meta property=\"og:description\" content=\"Inicio La rendici\u00f3n de cuentas es un proceso mediante el cual quienes toman decisiones sobre la gesti\u00f3n de lo p\u00fablico, cumplen su deber y responsabilidad de explicar, dar a conocer o responder a la ciudadan\u00eda sobre el manejo de lo p\u00fablico y sus resultados logrados:\u00a0La ciudadan\u00eda eval\u00faa dicha gesti\u00f3n. Seleccione el a\u00f1o que desee consultar [&hellip;]\" \/>\n<meta property=\"og:url\" content=\"https:\/\/moronaep.gob.ec\/en\/rendicion-cuentas\/\" \/>\n<meta property=\"og:site_name\" content=\"Empresa P\u00fablica Morona Construye su Desarrollo (Morona-EP)\" \/>\n<meta property=\"article:modified_time\" content=\"2025-07-15T20:21:43+00:00\" \/>\n<meta property=\"og:image\" content=\"https:\/\/moronaep.gob.ec\/wp-content\/uploads\/2025\/07\/LOGO-WEB-02.png\" \/>\n\t<meta property=\"og:image:width\" content=\"350\" \/>\n\t<meta property=\"og:image:height\" content=\"100\" \/>\n\t<meta property=\"og:image:type\" content=\"image\/png\" \/>\n<meta name=\"twitter:card\" content=\"summary_large_image\" \/>\n<meta name=\"twitter:label1\" content=\"Est. reading time\" \/>\n\t<meta name=\"twitter:data1\" content=\"1 minute\" \/>\n<script type=\"application\/ld+json\" class=\"yoast-schema-graph\">{\"@context\":\"https:\/\/schema.org\",\"@graph\":[{\"@type\":\"WebPage\",\"@id\":\"https:\/\/moronaep.gob.ec\/rendicion-cuentas\/\",\"url\":\"https:\/\/moronaep.gob.ec\/rendicion-cuentas\/\",\"name\":\"Empresa P\u00fablica Morona Construye su Desarrollo (Morona-EP)\",\"isPartOf\":{\"@id\":\"https:\/\/moronaep.gob.ec\/#website\"},\"primaryImageOfPage\":{\"@id\":\"https:\/\/moronaep.gob.ec\/rendicion-cuentas\/#primaryimage\"},\"image\":{\"@id\":\"https:\/\/moronaep.gob.ec\/rendicion-cuentas\/#primaryimage\"},\"thumbnailUrl\":\"https:\/\/moronaep.gob.ec\/wp-content\/uploads\/2025\/07\/LOGO-WEB-02.png\",\"datePublished\":\"2025-07-06T04:33:22+00:00\",\"dateModified\":\"2025-07-15T20:21:43+00:00\",\"breadcrumb\":{\"@id\":\"https:\/\/moronaep.gob.ec\/rendicion-cuentas\/#breadcrumb\"},\"inLanguage\":\"en-US\",\"potentialAction\":[{\"@type\":\"ReadAction\",\"target\":[\"https:\/\/moronaep.gob.ec\/rendicion-cuentas\/\"]}]},{\"@type\":\"ImageObject\",\"inLanguage\":\"en-US\",\"@id\":\"https:\/\/moronaep.gob.ec\/rendicion-cuentas\/#primaryimage\",\"url\":\"https:\/\/moronaep.gob.ec\/wp-content\/uploads\/2025\/07\/LOGO-WEB-02.png\",\"contentUrl\":\"https:\/\/moronaep.gob.ec\/wp-content\/uploads\/2025\/07\/LOGO-WEB-02.png\",\"width\":350,\"height\":100},{\"@type\":\"BreadcrumbList\",\"@id\":\"https:\/\/moronaep.gob.ec\/rendicion-cuentas\/#breadcrumb\",\"itemListElement\":[{\"@type\":\"ListItem\",\"position\":1,\"name\":\"Portada\",\"item\":\"https:\/\/moronaep.gob.ec\/\"},{\"@type\":\"ListItem\",\"position\":2,\"name\":\"R. de Cuentas\"}]},{\"@type\":\"WebSite\",\"@id\":\"https:\/\/moronaep.gob.ec\/#website\",\"url\":\"https:\/\/moronaep.gob.ec\/\",\"name\":\"Empresa P\u00fablica Morona Construye su Desarrollo (Morona-EP)\",\"description\":\"\",\"publisher\":{\"@id\":\"https:\/\/moronaep.gob.ec\/#organization\"},\"potentialAction\":[{\"@type\":\"SearchAction\",\"target\":{\"@type\":\"EntryPoint\",\"urlTemplate\":\"https:\/\/moronaep.gob.ec\/?s={search_term_string}\"},\"query-input\":{\"@type\":\"PropertyValueSpecification\",\"valueRequired\":true,\"valueName\":\"search_term_string\"}}],\"inLanguage\":\"en-US\"},{\"@type\":\"Organization\",\"@id\":\"https:\/\/moronaep.gob.ec\/#organization\",\"name\":\"Empresa P\u00fablica Morona Construye su Desarrollo (Morona-EP)\",\"url\":\"https:\/\/moronaep.gob.ec\/\",\"logo\":{\"@type\":\"ImageObject\",\"inLanguage\":\"en-US\",\"@id\":\"https:\/\/moronaep.gob.ec\/#\/schema\/logo\/image\/\",\"url\":\"https:\/\/moronaep.gob.ec\/wp-content\/uploads\/2025\/07\/cropped-LOGO-WEB-02.png\",\"contentUrl\":\"https:\/\/moronaep.gob.ec\/wp-content\/uploads\/2025\/07\/cropped-LOGO-WEB-02.png\",\"width\":350,\"height\":100,\"caption\":\"Empresa P\u00fablica Morona Construye su Desarrollo (Morona-EP)\"},\"image\":{\"@id\":\"https:\/\/moronaep.gob.ec\/#\/schema\/logo\/image\/\"}}]}<\/script>\n<!-- \/ Yoast SEO Premium plugin. -->","yoast_head_json":{"title":"Empresa P\u00fablica Morona Construye su Desarrollo (Morona-EP)","robots":{"index":"index","follow":"follow","max-snippet":"max-snippet:-1","max-image-preview":"max-image-preview:large","max-video-preview":"max-video-preview:-1"},"canonical":"https:\/\/moronaep.gob.ec\/en\/rendicion-cuentas\/","og_locale":"en_US","og_type":"article","og_title":"R. de Cuentas","og_description":"Inicio La rendici\u00f3n de cuentas es un proceso mediante el cual quienes toman decisiones sobre la gesti\u00f3n de lo p\u00fablico, cumplen su deber y responsabilidad de explicar, dar a conocer o responder a la ciudadan\u00eda sobre el manejo de lo p\u00fablico y sus resultados logrados:\u00a0La ciudadan\u00eda eval\u00faa dicha gesti\u00f3n. Seleccione el a\u00f1o que desee consultar [&hellip;]","og_url":"https:\/\/moronaep.gob.ec\/en\/rendicion-cuentas\/","og_site_name":"Empresa P\u00fablica Morona Construye su Desarrollo (Morona-EP)","article_modified_time":"2025-07-15T20:21:43+00:00","og_image":[{"width":350,"height":100,"url":"https:\/\/moronaep.gob.ec\/wp-content\/uploads\/2025\/07\/LOGO-WEB-02.png","type":"image\/png"}],"twitter_card":"summary_large_image","twitter_misc":{"Est. reading time":"1 minute"},"schema":{"@context":"https:\/\/schema.org","@graph":[{"@type":"WebPage","@id":"https:\/\/moronaep.gob.ec\/rendicion-cuentas\/","url":"https:\/\/moronaep.gob.ec\/rendicion-cuentas\/","name":"Empresa P\u00fablica Morona Construye su Desarrollo (Morona-EP)","isPartOf":{"@id":"https:\/\/moronaep.gob.ec\/#website"},"primaryImageOfPage":{"@id":"https:\/\/moronaep.gob.ec\/rendicion-cuentas\/#primaryimage"},"image":{"@id":"https:\/\/moronaep.gob.ec\/rendicion-cuentas\/#primaryimage"},"thumbnailUrl":"https:\/\/moronaep.gob.ec\/wp-content\/uploads\/2025\/07\/LOGO-WEB-02.png","datePublished":"2025-07-06T04:33:22+00:00","dateModified":"2025-07-15T20:21:43+00:00","breadcrumb":{"@id":"https:\/\/moronaep.gob.ec\/rendicion-cuentas\/#breadcrumb"},"inLanguage":"en-US","potentialAction":[{"@type":"ReadAction","target":["https:\/\/moronaep.gob.ec\/rendicion-cuentas\/"]}]},{"@type":"ImageObject","inLanguage":"en-US","@id":"https:\/\/moronaep.gob.ec\/rendicion-cuentas\/#primaryimage","url":"https:\/\/moronaep.gob.ec\/wp-content\/uploads\/2025\/07\/LOGO-WEB-02.png","contentUrl":"https:\/\/moronaep.gob.ec\/wp-content\/uploads\/2025\/07\/LOGO-WEB-02.png","width":350,"height":100},{"@type":"BreadcrumbList","@id":"https:\/\/moronaep.gob.ec\/rendicion-cuentas\/#breadcrumb","itemListElement":[{"@type":"ListItem","position":1,"name":"Portada","item":"https:\/\/moronaep.gob.ec\/"},{"@type":"ListItem","position":2,"name":"R. de Cuentas"}]},{"@type":"WebSite","@id":"https:\/\/moronaep.gob.ec\/#website","url":"https:\/\/moronaep.gob.ec\/","name":"Empresa P\u00fablica Morona Construye su Desarrollo (Morona-EP)","description":"","publisher":{"@id":"https:\/\/moronaep.gob.ec\/#organization"},"potentialAction":[{"@type":"SearchAction","target":{"@type":"EntryPoint","urlTemplate":"https:\/\/moronaep.gob.ec\/?s={search_term_string}"},"query-input":{"@type":"PropertyValueSpecification","valueRequired":true,"valueName":"search_term_string"}}],"inLanguage":"en-US"},{"@type":"Organization","@id":"https:\/\/moronaep.gob.ec\/#organization","name":"Empresa P\u00fablica Morona Construye su Desarrollo (Morona-EP)","url":"https:\/\/moronaep.gob.ec\/","logo":{"@type":"ImageObject","inLanguage":"en-US","@id":"https:\/\/moronaep.gob.ec\/#\/schema\/logo\/image\/","url":"https:\/\/moronaep.gob.ec\/wp-content\/uploads\/2025\/07\/cropped-LOGO-WEB-02.png","contentUrl":"https:\/\/moronaep.gob.ec\/wp-content\/uploads\/2025\/07\/cropped-LOGO-WEB-02.png","width":350,"height":100,"caption":"Empresa P\u00fablica Morona Construye su Desarrollo (Morona-EP)"},"image":{"@id":"https:\/\/moronaep.gob.ec\/#\/schema\/logo\/image\/"}}]}},"_links":{"self":[{"href":"https:\/\/moronaep.gob.ec\/en\/wp-json\/wp\/v2\/pages\/720","targetHints":{"allow":["GET"]}}],"collection":[{"href":"https:\/\/moronaep.gob.ec\/en\/wp-json\/wp\/v2\/pages"}],"about":[{"href":"https:\/\/moronaep.gob.ec\/en\/wp-json\/wp\/v2\/types\/page"}],"author":[{"embeddable":true,"href":"https:\/\/moronaep.gob.ec\/en\/wp-json\/wp\/v2\/users\/1"}],"replies":[{"embeddable":true,"href":"https:\/\/moronaep.gob.ec\/en\/wp-json\/wp\/v2\/comments?post=720"}],"version-history":[{"count":16,"href":"https:\/\/moronaep.gob.ec\/en\/wp-json\/wp\/v2\/pages\/720\/revisions"}],"predecessor-version":[{"id":987,"href":"https:\/\/moronaep.gob.ec\/en\/wp-json\/wp\/v2\/pages\/720\/revisions\/987"}],"wp:featuredmedia":[{"embeddable":true,"href":"https:\/\/moronaep.gob.ec\/en\/wp-json\/wp\/v2\/media\/83"}],"wp:attachment":[{"href":"https:\/\/moronaep.gob.ec\/en\/wp-json\/wp\/v2\/media?parent=720"}],"curies":[{"name":"wp","href":"https:\/\/api.w.org\/{rel}","templated":true}]}}