{"id":883,"date":"2025-07-09T02:20:16","date_gmt":"2025-07-09T02:20:16","guid":{"rendered":"https:\/\/moronaep.gob.ec\/?page_id=883"},"modified":"2025-07-09T02:25:03","modified_gmt":"2025-07-09T02:25:03","slug":"servicios","status":"publish","type":"page","link":"https:\/\/moronaep.gob.ec\/en\/servicios\/","title":{"rendered":"Services"},"content":{"rendered":"<div data-elementor-type=\"wp-page\" data-elementor-id=\"883\" class=\"elementor elementor-883\" data-elementor-post-type=\"page\">\n\t\t\t\t\t\t<section class=\"elementor-section elementor-top-section elementor-element elementor-element-3bc58d3 elementor-section-boxed elementor-section-height-default elementor-section-height-default\" data-id=\"3bc58d3\" data-element_type=\"section\" data-settings=\"{&quot;background_background&quot;:&quot;classic&quot;}\">\n\t\t\t\t\t\t\t<div class=\"elementor-background-overlay\"><\/div>\n\t\t\t\t\t\t\t<div class=\"elementor-container elementor-column-gap-default\">\n\t\t\t\t\t<div class=\"elementor-column elementor-col-50 elementor-top-column elementor-element elementor-element-07b9574\" data-id=\"07b9574\" data-element_type=\"column\">\n\t\t\t<div class=\"elementor-widget-wrap elementor-element-populated\">\n\t\t\t\t\t\t\t<\/div>\n\t\t<\/div>\n\t\t\t\t<div class=\"elementor-column elementor-col-50 elementor-top-column elementor-element elementor-element-e3b71b5\" data-id=\"e3b71b5\" data-element_type=\"column\">\n\t\t\t<div class=\"elementor-widget-wrap elementor-element-populated\">\n\t\t\t\t\t\t<div class=\"elementor-element elementor-element-1025745 elementor-icon-list--layout-inline elementor-widget__width-auto elementor-list-item-link-full_width elementor-widget elementor-widget-icon-list\" data-id=\"1025745\" data-element_type=\"widget\" data-settings=\"{&quot;_animation&quot;:&quot;none&quot;}\" data-widget_type=\"icon-list.default\">\n\t\t\t\t\t\t\t<ul class=\"elementor-icon-list-items elementor-inline-items\">\n\t\t\t\t\t\t\t<li class=\"elementor-icon-list-item elementor-inline-item\">\n\t\t\t\t\t\t\t\t\t\t\t<a href=\"https:\/\/moronaep.gob.ec\/en\/\">\n\n\t\t\t\t\t\t\t\t\t\t\t<span class=\"elementor-icon-list-text\">Home<\/span>\n\t\t\t\t\t\t\t\t\t\t\t<\/a>\n\t\t\t\t\t\t\t\t\t<\/li>\n\t\t\t\t\t\t<\/ul>\n\t\t\t\t\t\t<\/div>\n\t\t\t\t\t<\/div>\n\t\t<\/div>\n\t\t\t\t\t<\/div>\n\t\t<\/section>\n\t\t\t\t<section class=\"elementor-section elementor-top-section elementor-element elementor-element-23ae1aeb elementor-reverse-mobile elementor-section-boxed elementor-section-height-default elementor-section-height-default\" data-id=\"23ae1aeb\" data-element_type=\"section\" data-settings=\"{&quot;background_background&quot;:&quot;classic&quot;}\">\n\t\t\t\t\t\t<div class=\"elementor-container elementor-column-gap-default\">\n\t\t\t\t\t<div class=\"elementor-column elementor-col-100 elementor-top-column elementor-element elementor-element-6f7a012b elementor-invisible\" data-id=\"6f7a012b\" data-element_type=\"column\" data-settings=\"{&quot;background_background&quot;:&quot;classic&quot;,&quot;animation&quot;:&quot;fadeInUp&quot;}\">\n\t\t\t<div class=\"elementor-widget-wrap elementor-element-populated\">\n\t\t\t\t\t\t<div class=\"elementor-element elementor-element-6956df22 elementor-widget elementor-widget-text-editor\" data-id=\"6956df22\" data-element_type=\"widget\" data-widget_type=\"text-editor.default\">\n\t\t\t\t\t\t\t\t\t<p>Identify, promote, execute, manage, and\/or transfer development projects for: Social and public housing, Basic Infrastructure, Roads, Urban Equipment and Consulting, promoting territorial development, as determined by the Constitution of the Republic of Ecuador and applicable laws, as follows:\u00a0<\/p><ol><li><p><span style=\"color: #1d346d;\"><strong>SOCIAL AND PUBLIC HOUSING:<\/strong><\/span>\u00a0Provision of consulting and advisory services for: land division, subdivision, urbanization, and all types of land subdivision designs that facilitate land development and contribute to solving housing and urban development problems, in addition to the development of architectural and civil engineering designs for all types of housing, prioritizing low-income housing; Providing advice, assistance, and technical support to social or professional organizations and individuals whose objectives include acquiring land for the construction of housing for their members; Provision of construction and rehabilitation services, as well as architectural, civil engineering, and other works.<\/p><\/li><li><span style=\"color: #1d346d;\"><strong>BASIC INFRASTRUCTURE<\/strong>:<\/span> Provision of consulting services through comprehensive studies for the construction of drinking water, sewage, wastewater treatment, and solid waste management systems, environmental sanitation activities, and those established by law, as well as electricity and internet service; provision of implementation, construction, and rehabilitation services for the proper functioning of all the detailed public services.<\/li><li><span style=\"color: #1d346d;\"><strong>ROADS:<\/strong>\u00a0<\/span>Provision of consulting services through comprehensive studies for road opening, rectification, improvement, construction, signage, and maintenance, including sidewalks and curbs. Provision of road opening, rectification, improvement, construction, signage, and maintenance services, including sidewalks and curbs.<\/li><li><span style=\"color: #1d346d;\"><strong>URBAN EQUIPMENT:<\/strong><\/span>\u00a0Provision of consulting services through comprehensive studies for the construction and implementation of buildings and spaces, predominantly for public use, where tasks are performed both in addition to housing and work, and to improve economic activities, for urban and rural areas; and the construction, implementation, and installation of equipment.<\/li><li><span style=\"color: #1d346d;\"><strong>CONSULTORIA:<\/strong><\/span>\u00a0Provisi\u00f3n de servicios de consultor\u00eda mediante estudios completos para: Vivienda, Infraestructura b\u00e1sica, Vialidad, y Equipamiento Urbano, adem\u00e1s de los ambientales que complementen a estos, o sirvan para ponerlos en marcha y\/o para su control.<\/li><li><span style=\"color: #1d346d;\"><strong>ADMINISTRATION, MAINTENANCE AND OPERATION OF MUNICIPAL PUBLIC SERVICES:<\/strong><\/span> Provision of public services for the planning, organization, administration, execution, maintenance, and operation of public services and public facilities provided to MORONA EP by the Municipal Government of the Morona canton, according to its needs and jurisdiction.<\/li><li><span style=\"color: #1d346d;\"><strong>AIR, LAND, RIVER AND MULTIMODAL PASSENGER AND\/OR CARGO TRANSPORTATION SERVICES<\/strong>:<\/span> To present, promote, and implement the air, land, river, and multimodal passenger and\/or cargo transportation system, improving overall accessibility and mobility and enabling, above all, the rural sector of the province of Morona Santiago to improve its quality of life.<\/li><\/ol><p>\u00a0<\/p><p>Morona-EP is headquartered in the city of Macas, in the canton of Morona, and its office is located at the Roberto Villarreal Bus Terminal. Its responsibilities include managing the terminal, including its administration, maintenance, leasing, and operation, in accordance with the agreement signed with the Municipal Government of the canton of Morona.<\/p>\t\t\t\t\t\t\t\t<\/div>\n\t\t\t\t<div class=\"elementor-element elementor-element-4a9a2d7e elementor-widget elementor-widget-image\" data-id=\"4a9a2d7e\" data-element_type=\"widget\" data-widget_type=\"image.default\">\n\t\t\t\t\t\t\t\t\t\t\t\t\t\t\t<img fetchpriority=\"high\" decoding=\"async\" width=\"2560\" height=\"1920\" src=\"https:\/\/moronaep.gob.ec\/wp-content\/uploads\/2025\/07\/20250707_082924-scaled.jpg\" class=\"attachment-full size-full wp-image-832\" alt=\"\" srcset=\"https:\/\/moronaep.gob.ec\/wp-content\/uploads\/2025\/07\/20250707_082924-scaled.jpg 2560w, https:\/\/moronaep.gob.ec\/wp-content\/uploads\/2025\/07\/20250707_082924-300x225.jpg 300w, https:\/\/moronaep.gob.ec\/wp-content\/uploads\/2025\/07\/20250707_082924-1024x768.jpg 1024w, https:\/\/moronaep.gob.ec\/wp-content\/uploads\/2025\/07\/20250707_082924-768x576.jpg 768w, https:\/\/moronaep.gob.ec\/wp-content\/uploads\/2025\/07\/20250707_082924-1536x1152.jpg 1536w, https:\/\/moronaep.gob.ec\/wp-content\/uploads\/2025\/07\/20250707_082924-2048x1536.jpg 2048w\" sizes=\"(max-width: 2560px) 100vw, 2560px\" \/>\t\t\t\t\t\t\t\t\t\t\t\t\t\t\t<\/div>\n\t\t\t\t\t<\/div>\n\t\t<\/div>\n\t\t\t\t\t<\/div>\n\t\t<\/section>\n\t\t\t\t<\/div>","protected":false},"excerpt":{"rendered":"<p>Inicio Identificar, impulsar, ejecutar, administrar, y\/o transferir proyectos de desarrollo de: Vivienda de inter\u00e9s social y p\u00fablico, Infraestructura B\u00e1sica, Vialidad, Equipamiento Urbano y Consultor\u00eda, promoviendo el desarrollo territorial, conforme lo determina la Constituci\u00f3n de la Rep\u00fablica del Ecuador y Leyes aplicables, conforme lo siguiente:\u00a0 VIVIENDA DE INTERES SOCIAL Y PUBLICA:\u00a0Provisi\u00f3n de servicios mediante consultor\u00eda y [&hellip;]<\/p>","protected":false},"author":1,"featured_media":83,"parent":0,"menu_order":0,"comment_status":"closed","ping_status":"closed","template":"elementor_header_footer","meta":{"footnotes":""},"class_list":["post-883","page","type-page","status-publish","has-post-thumbnail","hentry"],"yoast_head":"<!-- This site is optimized with the Yoast SEO Premium plugin v25.4 (Yoast SEO v25.4) - https:\/\/yoast.com\/wordpress\/plugins\/seo\/ -->\n<title>Empresa P\u00fablica Morona Construye su Desarrollo (Morona-EP)<\/title>\n<meta name=\"robots\" content=\"index, follow, max-snippet:-1, max-image-preview:large, max-video-preview:-1\" \/>\n<link rel=\"canonical\" href=\"https:\/\/moronaep.gob.ec\/en\/servicios\/\" \/>\n<meta property=\"og:locale\" content=\"en_US\" \/>\n<meta property=\"og:type\" content=\"article\" \/>\n<meta property=\"og:title\" content=\"Servicios\" \/>\n<meta property=\"og:description\" content=\"Inicio Identificar, impulsar, ejecutar, administrar, y\/o transferir proyectos de desarrollo de: Vivienda de inter\u00e9s social y p\u00fablico, Infraestructura B\u00e1sica, Vialidad, Equipamiento Urbano y Consultor\u00eda, promoviendo el desarrollo territorial, conforme lo determina la Constituci\u00f3n de la Rep\u00fablica del Ecuador y Leyes aplicables, conforme lo siguiente:\u00a0 VIVIENDA DE INTERES SOCIAL Y PUBLICA:\u00a0Provisi\u00f3n de servicios mediante consultor\u00eda y [&hellip;]\" \/>\n<meta property=\"og:url\" content=\"https:\/\/moronaep.gob.ec\/en\/servicios\/\" \/>\n<meta property=\"og:site_name\" content=\"Empresa P\u00fablica Morona Construye su Desarrollo (Morona-EP)\" \/>\n<meta property=\"article:modified_time\" content=\"2025-07-09T02:25:03+00:00\" \/>\n<meta property=\"og:image\" content=\"https:\/\/moronaep.gob.ec\/wp-content\/uploads\/2025\/07\/LOGO-WEB-02.png\" \/>\n\t<meta property=\"og:image:width\" content=\"350\" \/>\n\t<meta property=\"og:image:height\" content=\"100\" \/>\n\t<meta property=\"og:image:type\" content=\"image\/png\" \/>\n<meta name=\"twitter:card\" content=\"summary_large_image\" \/>\n<meta name=\"twitter:label1\" content=\"Est. reading time\" \/>\n\t<meta name=\"twitter:data1\" content=\"3 minutes\" \/>\n<script type=\"application\/ld+json\" class=\"yoast-schema-graph\">{\"@context\":\"https:\/\/schema.org\",\"@graph\":[{\"@type\":\"WebPage\",\"@id\":\"https:\/\/moronaep.gob.ec\/servicios\/\",\"url\":\"https:\/\/moronaep.gob.ec\/servicios\/\",\"name\":\"Empresa P\u00fablica Morona Construye su Desarrollo (Morona-EP)\",\"isPartOf\":{\"@id\":\"https:\/\/moronaep.gob.ec\/#website\"},\"primaryImageOfPage\":{\"@id\":\"https:\/\/moronaep.gob.ec\/servicios\/#primaryimage\"},\"image\":{\"@id\":\"https:\/\/moronaep.gob.ec\/servicios\/#primaryimage\"},\"thumbnailUrl\":\"https:\/\/moronaep.gob.ec\/wp-content\/uploads\/2025\/07\/LOGO-WEB-02.png\",\"datePublished\":\"2025-07-09T02:20:16+00:00\",\"dateModified\":\"2025-07-09T02:25:03+00:00\",\"breadcrumb\":{\"@id\":\"https:\/\/moronaep.gob.ec\/servicios\/#breadcrumb\"},\"inLanguage\":\"en-US\",\"potentialAction\":[{\"@type\":\"ReadAction\",\"target\":[\"https:\/\/moronaep.gob.ec\/servicios\/\"]}]},{\"@type\":\"ImageObject\",\"inLanguage\":\"en-US\",\"@id\":\"https:\/\/moronaep.gob.ec\/servicios\/#primaryimage\",\"url\":\"https:\/\/moronaep.gob.ec\/wp-content\/uploads\/2025\/07\/LOGO-WEB-02.png\",\"contentUrl\":\"https:\/\/moronaep.gob.ec\/wp-content\/uploads\/2025\/07\/LOGO-WEB-02.png\",\"width\":350,\"height\":100},{\"@type\":\"BreadcrumbList\",\"@id\":\"https:\/\/moronaep.gob.ec\/servicios\/#breadcrumb\",\"itemListElement\":[{\"@type\":\"ListItem\",\"position\":1,\"name\":\"Portada\",\"item\":\"https:\/\/moronaep.gob.ec\/\"},{\"@type\":\"ListItem\",\"position\":2,\"name\":\"Servicios\"}]},{\"@type\":\"WebSite\",\"@id\":\"https:\/\/moronaep.gob.ec\/#website\",\"url\":\"https:\/\/moronaep.gob.ec\/\",\"name\":\"Empresa P\u00fablica Morona Construye su Desarrollo (Morona-EP)\",\"description\":\"\",\"publisher\":{\"@id\":\"https:\/\/moronaep.gob.ec\/#organization\"},\"potentialAction\":[{\"@type\":\"SearchAction\",\"target\":{\"@type\":\"EntryPoint\",\"urlTemplate\":\"https:\/\/moronaep.gob.ec\/?s={search_term_string}\"},\"query-input\":{\"@type\":\"PropertyValueSpecification\",\"valueRequired\":true,\"valueName\":\"search_term_string\"}}],\"inLanguage\":\"en-US\"},{\"@type\":\"Organization\",\"@id\":\"https:\/\/moronaep.gob.ec\/#organization\",\"name\":\"Empresa P\u00fablica Morona Construye su Desarrollo (Morona-EP)\",\"url\":\"https:\/\/moronaep.gob.ec\/\",\"logo\":{\"@type\":\"ImageObject\",\"inLanguage\":\"en-US\",\"@id\":\"https:\/\/moronaep.gob.ec\/#\/schema\/logo\/image\/\",\"url\":\"https:\/\/moronaep.gob.ec\/wp-content\/uploads\/2025\/07\/cropped-LOGO-WEB-02.png\",\"contentUrl\":\"https:\/\/moronaep.gob.ec\/wp-content\/uploads\/2025\/07\/cropped-LOGO-WEB-02.png\",\"width\":350,\"height\":100,\"caption\":\"Empresa P\u00fablica Morona Construye su Desarrollo (Morona-EP)\"},\"image\":{\"@id\":\"https:\/\/moronaep.gob.ec\/#\/schema\/logo\/image\/\"}}]}<\/script>\n<!-- \/ Yoast SEO Premium plugin. -->","yoast_head_json":{"title":"Empresa P\u00fablica Morona Construye su Desarrollo (Morona-EP)","robots":{"index":"index","follow":"follow","max-snippet":"max-snippet:-1","max-image-preview":"max-image-preview:large","max-video-preview":"max-video-preview:-1"},"canonical":"https:\/\/moronaep.gob.ec\/en\/servicios\/","og_locale":"en_US","og_type":"article","og_title":"Servicios","og_description":"Inicio Identificar, impulsar, ejecutar, administrar, y\/o transferir proyectos de desarrollo de: Vivienda de inter\u00e9s social y p\u00fablico, Infraestructura B\u00e1sica, Vialidad, Equipamiento Urbano y Consultor\u00eda, promoviendo el desarrollo territorial, conforme lo determina la Constituci\u00f3n de la Rep\u00fablica del Ecuador y Leyes aplicables, conforme lo siguiente:\u00a0 VIVIENDA DE INTERES SOCIAL Y PUBLICA:\u00a0Provisi\u00f3n de servicios mediante consultor\u00eda y [&hellip;]","og_url":"https:\/\/moronaep.gob.ec\/en\/servicios\/","og_site_name":"Empresa P\u00fablica Morona Construye su Desarrollo (Morona-EP)","article_modified_time":"2025-07-09T02:25:03+00:00","og_image":[{"width":350,"height":100,"url":"https:\/\/moronaep.gob.ec\/wp-content\/uploads\/2025\/07\/LOGO-WEB-02.png","type":"image\/png"}],"twitter_card":"summary_large_image","twitter_misc":{"Est. reading time":"3 minutes"},"schema":{"@context":"https:\/\/schema.org","@graph":[{"@type":"WebPage","@id":"https:\/\/moronaep.gob.ec\/servicios\/","url":"https:\/\/moronaep.gob.ec\/servicios\/","name":"Empresa P\u00fablica Morona Construye su Desarrollo (Morona-EP)","isPartOf":{"@id":"https:\/\/moronaep.gob.ec\/#website"},"primaryImageOfPage":{"@id":"https:\/\/moronaep.gob.ec\/servicios\/#primaryimage"},"image":{"@id":"https:\/\/moronaep.gob.ec\/servicios\/#primaryimage"},"thumbnailUrl":"https:\/\/moronaep.gob.ec\/wp-content\/uploads\/2025\/07\/LOGO-WEB-02.png","datePublished":"2025-07-09T02:20:16+00:00","dateModified":"2025-07-09T02:25:03+00:00","breadcrumb":{"@id":"https:\/\/moronaep.gob.ec\/servicios\/#breadcrumb"},"inLanguage":"en-US","potentialAction":[{"@type":"ReadAction","target":["https:\/\/moronaep.gob.ec\/servicios\/"]}]},{"@type":"ImageObject","inLanguage":"en-US","@id":"https:\/\/moronaep.gob.ec\/servicios\/#primaryimage","url":"https:\/\/moronaep.gob.ec\/wp-content\/uploads\/2025\/07\/LOGO-WEB-02.png","contentUrl":"https:\/\/moronaep.gob.ec\/wp-content\/uploads\/2025\/07\/LOGO-WEB-02.png","width":350,"height":100},{"@type":"BreadcrumbList","@id":"https:\/\/moronaep.gob.ec\/servicios\/#breadcrumb","itemListElement":[{"@type":"ListItem","position":1,"name":"Portada","item":"https:\/\/moronaep.gob.ec\/"},{"@type":"ListItem","position":2,"name":"Servicios"}]},{"@type":"WebSite","@id":"https:\/\/moronaep.gob.ec\/#website","url":"https:\/\/moronaep.gob.ec\/","name":"Empresa P\u00fablica Morona Construye su Desarrollo (Morona-EP)","description":"","publisher":{"@id":"https:\/\/moronaep.gob.ec\/#organization"},"potentialAction":[{"@type":"SearchAction","target":{"@type":"EntryPoint","urlTemplate":"https:\/\/moronaep.gob.ec\/?s={search_term_string}"},"query-input":{"@type":"PropertyValueSpecification","valueRequired":true,"valueName":"search_term_string"}}],"inLanguage":"en-US"},{"@type":"Organization","@id":"https:\/\/moronaep.gob.ec\/#organization","name":"Empresa P\u00fablica Morona Construye su Desarrollo (Morona-EP)","url":"https:\/\/moronaep.gob.ec\/","logo":{"@type":"ImageObject","inLanguage":"en-US","@id":"https:\/\/moronaep.gob.ec\/#\/schema\/logo\/image\/","url":"https:\/\/moronaep.gob.ec\/wp-content\/uploads\/2025\/07\/cropped-LOGO-WEB-02.png","contentUrl":"https:\/\/moronaep.gob.ec\/wp-content\/uploads\/2025\/07\/cropped-LOGO-WEB-02.png","width":350,"height":100,"caption":"Empresa P\u00fablica Morona Construye su Desarrollo (Morona-EP)"},"image":{"@id":"https:\/\/moronaep.gob.ec\/#\/schema\/logo\/image\/"}}]}},"_links":{"self":[{"href":"https:\/\/moronaep.gob.ec\/en\/wp-json\/wp\/v2\/pages\/883","targetHints":{"allow":["GET"]}}],"collection":[{"href":"https:\/\/moronaep.gob.ec\/en\/wp-json\/wp\/v2\/pages"}],"about":[{"href":"https:\/\/moronaep.gob.ec\/en\/wp-json\/wp\/v2\/types\/page"}],"author":[{"embeddable":true,"href":"https:\/\/moronaep.gob.ec\/en\/wp-json\/wp\/v2\/users\/1"}],"replies":[{"embeddable":true,"href":"https:\/\/moronaep.gob.ec\/en\/wp-json\/wp\/v2\/comments?post=883"}],"version-history":[{"count":7,"href":"https:\/\/moronaep.gob.ec\/en\/wp-json\/wp\/v2\/pages\/883\/revisions"}],"predecessor-version":[{"id":890,"href":"https:\/\/moronaep.gob.ec\/en\/wp-json\/wp\/v2\/pages\/883\/revisions\/890"}],"wp:featuredmedia":[{"embeddable":true,"href":"https:\/\/moronaep.gob.ec\/en\/wp-json\/wp\/v2\/media\/83"}],"wp:attachment":[{"href":"https:\/\/moronaep.gob.ec\/en\/wp-json\/wp\/v2\/media?parent=883"}],"curies":[{"name":"wp","href":"https:\/\/api.w.org\/{rel}","templated":true}]}}